{"id":1893,"date":"2020-11-10T10:46:52","date_gmt":"2020-11-10T10:46:52","guid":{"rendered":"https:\/\/www.balt-yachts.nl\/titanium-918\/"},"modified":"2024-01-18T11:31:51","modified_gmt":"2024-01-18T11:31:51","slug":"titanium-918","status":"publish","type":"page","link":"https:\/\/www.balt-yachts.nl\/de\/titanium-918\/","title":{"rendered":"Titanium 918"},"content":{"rendered":"<div class=\"wpb-content-wrapper\"><p>[vc_row][vc_column width=&#8221;1\/2&#8243;][vc_single_image image=&#8221;1573&#8243; img_size=&#8221;large&#8221;][\/vc_column][vc_column width=&#8221;1\/2&#8243;][vc_column_text]<\/p>\n<h5>Titanium 918<\/h5>\n<p>[\/vc_column_text][vc_column_text]Nach dem gro\u00dfen Erfolg des Titanium 818 stellen wir Ihnen das Titanium 918 vor. Wie Sie es gewohnt sind; hochwertiges, modernes und zeitloses Design, eine echte Augenweide.<\/p>\n<p>Der Gedanke hinter dem Design der 918 ist es, eine Doppeldeckyacht mit vielen Einsatzm\u00f6glichkeiten zu schaffen, und das ist uns gelungen!<\/p>\n<p>Der gesamte Platz an Bord wird optimal f\u00fcr Ihr Vergn\u00fcgen und Ihren Komfort genutzt. Nederlands Duits Unter Deck finden Sie den Schlafbereich und den separaten Toilettenraum, sodass Sie den oberen Raum tags\u00fcber voll als Wohnraum nutzen k\u00f6nnen.<\/p>\n<p>Das Boot ist standardm\u00e4\u00dfig mit 3 Schlafkabinen ausgestattet, aber 2 Kabinen und ein zus\u00e4tzlicher Stauraum sind eine Option. Es gibt auch viele Extras als Optionen. Bei den Motoren haben Sie die Wahl zwischen dem Yanmar-Innenbordmotor oder einem der Au\u00dfenbordmotoren.<\/p>\n<p>Preis segelfertig ab \u20ac 102.990,- ohne. MwSt.<\/p>\n<p>F\u00fcr die Serienausstattung klicken <a href=\"https:\/\/www.balt-yachts.nl\/de\/standaard-uitrusting-titanium-918\/\" target=\"_blank\" rel=\"noopener\">hier<\/a>[\/vc_column_text][\/vc_column][\/vc_row][vc_row][vc_column][vc_separator][\/vc_column][\/vc_row][vc_row][vc_column][vc_wp_text]<\/p>\n<div class=\"n2_ss_slider_publish__option_code\" dir=\"ltr\" data-mode=\"id\"><\/div>\n<p>[\/vc_wp_text][\/vc_column][\/vc_row][vc_row][vc_column][vc_separator][\/vc_column][\/vc_row][vc_row][vc_column][vc_custom_heading text=&#8221;Spezificationen Titanium 918&#8243; font_container=&#8221;tag:h2|text_align:center&#8221;][\/vc_column][\/vc_row][vc_row][vc_column width=&#8221;1\/2&#8243;]<div id=\"sc_table_61568870_wrap\" class=\"sc_table_wrap\"><div id=\"sc_table_61568870\"\n\t\t\tclass=\"sc_table sc_table_default\" style=\"width:100%;\"><table cellspacing=\u201d0\u2033 summary=\u201dSpecs Titanium 918\u2033>\n<tr>\n<td>Gesamtl\u00e4nge<\/td>\n<td>9.86m<\/td>\n<\/tr>\n<tr>\n<td>Rumpfl\u00e4nge<\/td>\n<td>8.58m<\/td>\n<\/tr>\n<tr>\n<td>Rumpfbreite<\/td>\n<td>3.00m<\/td>\n<\/tr>\n<tr>\n<td>Tiefgang<\/td>\n<td>0.49m<\/td>\n<\/tr>\n<tr>\n<td>Vertikaler Abstand<\/td>\n<td>3.21m<\/td>\n<\/tr>\n<tr>\n<td>Gewicht ohne Motor<\/td>\n<td>3530kg<\/td>\n<\/tr>\n<tr>\n<td>Wassertank<\/td>\n<td>130 \u2013 240L<\/td>\n<\/tr>\n<tr>\n<td>Schmurzwassertank<\/td>\n<td>60L<\/td>\n<\/tr>\n<\/table><\/div><\/div><!-- \/.sc_table_wrap -->[\/vc_column][vc_column width=&#8221;1\/2&#8243;]<div id=\"sc_table_294509827_wrap\" class=\"sc_table_wrap\"><div id=\"sc_table_294509827\"\n\t\t\tclass=\"sc_table sc_table_default\" style=\"width:100%;\"><table cellspacing=\u201d0\u2033 summary=\u201dSpecs Titanium 918\u2033>\n<\/tr>\n<tr>\n<td>Steheh\u00f6he Kabine<\/td>\n<td>1.97m<\/td>\n<\/tr>\n<tr>\n<td>Anzahl Kabinen<\/td>\n<td>Standard 3, optional 2<\/td>\n<\/tr>\n<tr>\n<td>Min. vermogen inboard<\/td>\n<td>45PK<\/td>\n<\/tr>\n<tr>\n<td>Max. vermogen inboard<\/td>\n<td>80PK<\/td>\n<\/tr>\n<tr>\n<td>Min. vermogen outboard<\/td>\n<td>60PK<\/td>\n<\/tr>\n<tr>\n<td>Max. vermogen outboard<\/td>\n<td>115PK<\/td>\n<\/tr>\n<tr>\n<td>Treibstofftankk<\/td>\n<td>120 \u2013 139L<\/td>\n<\/tr>\n<tr>\n<td>CE Kategorie<\/td>\n<td>C-6<\/td>\n<\/tr>\n<\/table><\/div><\/div><!-- \/.sc_table_wrap -->[\/vc_column][\/vc_row][vc_row][vc_column][vc_custom_heading text=&#8221;Lay-out&#8221; font_container=&#8221;tag:h2|text_align:center&#8221;][\/vc_column][\/vc_row][vc_row][vc_column][vc_single_image image=&#8221;1596&#8243; img_size=&#8221;full&#8221; alignment=&#8221;center&#8221;][\/vc_column][\/vc_row][vc_row][vc_column][vc_empty_space height=&#8221;64px&#8221; alter_height=&#8221;small&#8221; hide_on_mobile=&#8221;&#8221;][vc_btn title=&#8221;Brosch\u00fcre anfordern&#8221; color=&#8221;peacoc&#8221; align=&#8221;center&#8221;][\/vc_column][\/vc_row][vc_row][vc_column][\/vc_column][\/vc_row]<\/p>\n<\/div>","protected":false},"excerpt":{"rendered":"<p>[vc_row][vc_column width=&#8221;1\/2&#8243;][vc_single_image image=&#8221;1573&#8243; img_size=&#8221;large&#8221;][\/vc_column][vc_column width=&#8221;1\/2&#8243;][vc_column_text] Titanium 918 [\/vc_column_text][vc_column_text]Nach dem gro\u00dfen Erfolg des Titanium 818 stellen wir Ihnen das Titanium 918 vor. Wie Sie es gewohnt sind; hochwertiges, modernes und zeitloses Design, eine echte Augenweide. Der Gedanke hinter dem Design der 918 ist es, eine Doppeldeckyacht mit vielen Einsatzm\u00f6glichkeiten zu schaffen, und das ist uns gelungen! Der gesamte Platz an Bord&hellip;<\/p>\n","protected":false},"author":1,"featured_media":0,"parent":0,"menu_order":0,"comment_status":"closed","ping_status":"closed","template":"","meta":{"footnotes":""},"_links":{"self":[{"href":"https:\/\/www.balt-yachts.nl\/de\/wp-json\/wp\/v2\/pages\/1893"}],"collection":[{"href":"https:\/\/www.balt-yachts.nl\/de\/wp-json\/wp\/v2\/pages"}],"about":[{"href":"https:\/\/www.balt-yachts.nl\/de\/wp-json\/wp\/v2\/types\/page"}],"author":[{"embeddable":true,"href":"https:\/\/www.balt-yachts.nl\/de\/wp-json\/wp\/v2\/users\/1"}],"replies":[{"embeddable":true,"href":"https:\/\/www.balt-yachts.nl\/de\/wp-json\/wp\/v2\/comments?post=1893"}],"version-history":[{"count":8,"href":"https:\/\/www.balt-yachts.nl\/de\/wp-json\/wp\/v2\/pages\/1893\/revisions"}],"predecessor-version":[{"id":2069,"href":"https:\/\/www.balt-yachts.nl\/de\/wp-json\/wp\/v2\/pages\/1893\/revisions\/2069"}],"wp:attachment":[{"href":"https:\/\/www.balt-yachts.nl\/de\/wp-json\/wp\/v2\/media?parent=1893"}],"curies":[{"name":"wp","href":"https:\/\/api.w.org\/{rel}","templated":true}]}}