{"id":1891,"date":"2020-11-10T10:47:07","date_gmt":"2020-11-10T10:47:07","guid":{"rendered":"https:\/\/www.balt-yachts.nl\/titanium-1018\/"},"modified":"2024-01-18T11:36:23","modified_gmt":"2024-01-18T11:36:23","slug":"titanium-1018","status":"publish","type":"page","link":"https:\/\/www.balt-yachts.nl\/de\/titanium-1018\/","title":{"rendered":"Titanium 1018"},"content":{"rendered":"<div class=\"wpb-content-wrapper\"><p>[vc_row][vc_column width=&#8221;1\/2&#8243;][vc_single_image image=&#8221;1575&#8243; img_size=&#8221;large&#8221;][\/vc_column][vc_column width=&#8221;1\/2&#8243;][vc_column_text]<\/p>\n<h5>titanium 1018<\/h5>\n<p>[\/vc_column_text][vc_column_text]Die Titanium Linie zeichnet sich durch ihr modernes und zeitloses Design aus. Dies gilt auch f\u00fcr diese neueste Version, die Titanium 1018 mit Flybridge. Wie Sie es von Balt Yachts gewohnt sind, hat sie ein hochwertiges, sportlich-elegantes Design mit viel Luxus an Bord. Duits Sie k\u00f6nnen die Natur auf einem der beiden Sonnendecks genie\u00dfen oder im ger\u00e4umigen Cockpit oder Salon Platz nehmen.<\/p>\n<p>Aufgrund des praktischen Designs des Titanium 1018 k\u00f6nnen Sie dieses Schiff vielseitig einsetzen. Tagesausfl\u00fcge mit der ganzen Familie oder l\u00e4ngere Aufenthalte und l\u00e4ngere Strecken sind auf der Titanlinie ein Genuss f\u00fcr sich.<\/p>\n<p>Die M\u00f6glichkeit des schnellen Segelns macht dieses Schiff auch perfekt f\u00fcr viele Arten von Wassersport und der geringe Tiefgang bietet ein gro\u00dfes Segelgebiet.<\/p>\n<p>Preis segelfertig ab \u20ac 121.500,- ohne. MwSt.[\/vc_column_text][\/vc_column][\/vc_row][vc_row][vc_column][vc_separator][\/vc_column][\/vc_row][vc_row][vc_column][vc_wp_text]<\/p>\n<div class=\"n2_ss_slider_publish__option_code\" dir=\"ltr\" data-mode=\"id\"><\/div>\n<p>[\/vc_wp_text][\/vc_column][\/vc_row][vc_row][vc_column][vc_separator][\/vc_column][\/vc_row][vc_row][vc_column][vc_custom_heading text=&#8221;Spezifikationen Titanium 1018&#8243; font_container=&#8221;tag:h2|text_align:center&#8221;][\/vc_column][\/vc_row][vc_row][vc_column width=&#8221;1\/2&#8243;]<div id=\"sc_table_1191084907_wrap\" class=\"sc_table_wrap\"><div id=\"sc_table_1191084907\"\n\t\t\tclass=\"sc_table sc_table_default\" style=\"width:100%;\"><table cellspacing=\u201d0\u2033 summary=\u201dSpecs Titanium 1018\u2033>\n<tr>\n<td>Gesamtl\u00e4nge<\/td>\n<td>10.20m<\/td>\n<\/tr>\n<tr>\n<td>Rumpfl\u00e4nge<\/td>\n<td>8.58m<\/td>\n<\/tr>\n<tr>\n<td>Rumpfbreite<\/td>\n<td>3.00m<\/td>\n<\/tr>\n<tr>\n<td>Tiefgang<\/td>\n<td>0.55m<\/td>\n<\/tr>\n<tr>\n<td>Vertikaler Abstand<\/td>\n<td>3.30m<\/td>\n<\/tr>\n<tr>\n<td>Gewicht ohne Motor<\/td>\n<td>3620kg<\/td>\n<\/tr>\n<tr>\n<td>Wassertank<\/td>\n<td>130 \u2013 240L<\/td>\n<\/tr>\n<tr>\n<td>Schmurzwassertank<\/td>\n<td>50L <\/td>\n<\/tr>\n<\/table><\/div><\/div><!-- \/.sc_table_wrap -->[\/vc_column][vc_column width=&#8221;1\/2&#8243;]<div id=\"sc_table_1631099558_wrap\" class=\"sc_table_wrap\"><div id=\"sc_table_1631099558\"\n\t\t\tclass=\"sc_table sc_table_default\" style=\"width:100%;\"><table cellspacing=\u201d0\u2033 summary=\u201dSpecs Titanium 1018\u2033>\n<\/tr>\n<tr>\n<td>Steheh\u00f6he Kabinee<\/td>\n<td>1.97m<\/td>\n<\/tr>\n<tr>\n<td>Anzahl Kabinen<\/td>\n<td>Standard 2, Option 3<\/td>\n<\/tr>\n<tr>\n<td>Min. vermogen inboard<\/td>\n<td>45PK<\/td>\n<\/tr>\n<tr>\n<td>Max. vermogen inboard<\/td>\n<td>57PK<\/td>\n<\/tr>\n<tr>\n<td>Min. vermogen outboard<\/td>\n<td>60PK<\/td>\n<\/tr>\n<tr>\n<td>Max. vermogen outboard<\/td>\n<td>90PK<\/td>\n<\/tr>\n<tr>\n<td>Treibstofftank<\/td>\n<td>120 \u2013 239L<\/td>\n<\/tr>\n<tr>\n<td>CE Kategorie<\/td>\n<td>C-6<\/td>\n<\/tr>\n<\/table><\/div><\/div><!-- \/.sc_table_wrap -->[\/vc_column][\/vc_row][vc_row][vc_column][vc_custom_heading text=&#8221;Lay-out&#8221; font_container=&#8221;tag:h2|text_align:center&#8221;][\/vc_column][\/vc_row][vc_row][vc_column][vc_single_image image=&#8221;1590&#8243; img_size=&#8221;full&#8221; alignment=&#8221;center&#8221;][\/vc_column][\/vc_row][vc_row][vc_column][vc_empty_space height=&#8221;64px&#8221; alter_height=&#8221;small&#8221; hide_on_mobile=&#8221;&#8221;][vc_btn title=&#8221;Brosch\u00fcre anfordern&#8221; color=&#8221;peacoc&#8221; align=&#8221;center&#8221;][\/vc_column][\/vc_row][vc_row][vc_column][\/vc_column][\/vc_row]<\/p>\n<\/div>","protected":false},"excerpt":{"rendered":"<p>[vc_row][vc_column width=&#8221;1\/2&#8243;][vc_single_image image=&#8221;1575&#8243; img_size=&#8221;large&#8221;][\/vc_column][vc_column width=&#8221;1\/2&#8243;][vc_column_text] titanium 1018 [\/vc_column_text][vc_column_text]Die Titanium Linie zeichnet sich durch ihr modernes und zeitloses Design aus. Dies gilt auch f\u00fcr diese neueste Version, die Titanium 1018 mit Flybridge. Wie Sie es von Balt Yachts gewohnt sind, hat sie ein hochwertiges, sportlich-elegantes Design mit viel Luxus an Bord. Duits Sie k\u00f6nnen die Natur auf einem der beiden Sonnendecks&hellip;<\/p>\n","protected":false},"author":1,"featured_media":0,"parent":0,"menu_order":0,"comment_status":"closed","ping_status":"closed","template":"","meta":{"footnotes":""},"_links":{"self":[{"href":"https:\/\/www.balt-yachts.nl\/de\/wp-json\/wp\/v2\/pages\/1891"}],"collection":[{"href":"https:\/\/www.balt-yachts.nl\/de\/wp-json\/wp\/v2\/pages"}],"about":[{"href":"https:\/\/www.balt-yachts.nl\/de\/wp-json\/wp\/v2\/types\/page"}],"author":[{"embeddable":true,"href":"https:\/\/www.balt-yachts.nl\/de\/wp-json\/wp\/v2\/users\/1"}],"replies":[{"embeddable":true,"href":"https:\/\/www.balt-yachts.nl\/de\/wp-json\/wp\/v2\/comments?post=1891"}],"version-history":[{"count":7,"href":"https:\/\/www.balt-yachts.nl\/de\/wp-json\/wp\/v2\/pages\/1891\/revisions"}],"predecessor-version":[{"id":2072,"href":"https:\/\/www.balt-yachts.nl\/de\/wp-json\/wp\/v2\/pages\/1891\/revisions\/2072"}],"wp:attachment":[{"href":"https:\/\/www.balt-yachts.nl\/de\/wp-json\/wp\/v2\/media?parent=1891"}],"curies":[{"name":"wp","href":"https:\/\/api.w.org\/{rel}","templated":true}]}}