{"id":1888,"date":"2020-11-10T10:47:41","date_gmt":"2020-11-10T10:47:41","guid":{"rendered":"https:\/\/www.balt-yachts.nl\/suncamper-35\/"},"modified":"2025-09-03T11:21:54","modified_gmt":"2025-09-03T11:21:54","slug":"suncamper-35","status":"publish","type":"page","link":"https:\/\/www.balt-yachts.nl\/de\/suncamper-35\/","title":{"rendered":"SunCamper 35"},"content":{"rendered":"<div class=\"wpb-content-wrapper\"><p>[vc_row][vc_column width=&#8221;1\/2&#8243;][vc_single_image image=&#8221;1585&#8243; img_size=&#8221;large&#8221;][\/vc_column][vc_column width=&#8221;1\/2&#8243;][vc_column_text]<\/p>\n<h5>sun camper 35<\/h5>\n<p>[\/vc_column_text][vc_column_text]Der SunCamper 35 zeichnet sich durch sein modernes Design, einen hydrodynamisch perfekten Rumpf und einen unglaublich funktionalen und ger\u00e4umigen Innenraum aus. Die Yacht hat 2 Schlafkabinen und die Kapit\u00e4nskabine hat sogar ein eigenes Badezimmer. Das Boot bietet Schlafplatz f\u00fcr 7 Personen und Wohnraum tags\u00fcber f\u00fcr 10 Personen.<br \/>\nNach dem \u00d6ffnen der Schiebet\u00fcr verwandeln sich Innen und Au\u00dfen in einen gro\u00dfen Raum mit dem komfortablen Cockpit am Heck. Bei schlechtem Wetter kann ein Cabrio-Unterdachzelt \u00fcber das gesamte Cockpit abgesenkt werden, wodurch die \u00fcberdachte Fl\u00e4che vergr\u00f6\u00dfert und zus\u00e4tzlicher Schutz vor Wind und Regen geboten wird<\/p>\n<p>F\u00fcr Ihren Komfort ist dieser SunCamper 35 au\u00dferdem standardm\u00e4\u00dfig mit einem Bugstrahlruder ausgestattet. Sie k\u00f6nnen aus 3 Motortypen w\u00e4hlen: Au\u00dfenbordmotor, Innenborddiesel oder sogar einen Elektromotor. Als einzigartige Zusatzoption k\u00f6nnen Sie eine zweite Steuerkonsole auf dem Dach platzieren. Lassen Sie sich von dieser ger\u00e4umigen, komfortablen Yacht \u00fcberraschen!<\/p>\n<p>Preis segelfertig ab \u20ac 95.000,- ohne. MwSt.<\/p>\n<p>F\u00fcr die Serienausstattung klicken <a href=\"https:\/\/www.balt-yachts.nl\/de\/standaard-uitrusting-suncamper-35\/?lang=de\" target=\"_blank\" rel=\"noopener\">hier<\/a>[\/vc_column_text][\/vc_column][\/vc_row][vc_row][vc_column][vc_separator][\/vc_column][\/vc_row][vc_row][vc_column][vc_wp_text][\/vc_wp_text][\/vc_column][\/vc_row][vc_row][vc_column][vc_separator][\/vc_column][\/vc_row][vc_row][vc_column][vc_custom_heading text=&#8221;Spezifikationen Sun Camper 35&#8243; font_container=&#8221;tag:h2|text_align:center&#8221;][\/vc_column][\/vc_row][vc_row][vc_column width=&#8221;1\/2&#8243;]<div id=\"sc_table_299447391_wrap\" class=\"sc_table_wrap\"><div id=\"sc_table_299447391\"\n\t\t\tclass=\"sc_table sc_table_default\" style=\"width:100%;\"><table cellspacing=\u201d0\u2033 summary=\u201dSpecs SunCamper 35\u2033>\n<tr>\n<td>Gesamtl\u00e4nge<\/td>\n<td>10.60m<\/td>\n<\/tr>\n<tr>\n<td>Rumpfl\u00e4nge<\/td>\n<td>9.05m<\/td>\n<\/tr>\n<tr>\n<td>Rumpfbreite<\/td>\n<td>3.00m<\/td>\n<\/tr>\n<tr>\n<td>Tiefgang<\/td>\n<td>0.64m (outboard) \u2013 0,70m (inboard)<\/td>\n<\/tr>\n<tr>\n<td>Vertikaler Abstand<\/td>\n<td>2.85 \u2013 3.5m<\/td>\n<\/tr>\n<tr>\n<td>Gewicht ohne Motor<\/td>\n<td>4000 \u2013 4200kg<\/td>\n<\/tr>\n<tr>\n<td>Wassertank<\/td>\n<td>240L<\/td>\n<\/tr>\n<tr>\n<td>Schmutswassertank<\/td>\n<td>120L<\/td>\n<\/tr>\n<\/table><\/div><\/div><!-- \/.sc_table_wrap -->[\/vc_column][vc_column width=&#8221;1\/2&#8243;]<div id=\"sc_table_1291809896_wrap\" class=\"sc_table_wrap\"><div id=\"sc_table_1291809896\"\n\t\t\tclass=\"sc_table sc_table_default\" style=\"width:100%;\"><table cellspacing=\u201d0\u2033 summary=\u201dSpecs Balt 27\u2033>\n<\/tr>\n<tr>\n<td>Anzahl der Betten<\/td>\n<td>7<\/td>\n<\/tr>\n<tr>\n<td>Maximale Personenzahl<\/td>\n<td>10<\/td>\n<\/tr>\n<tr>\n<td>Min. vermogen inboard<\/td>\n<td>40PK<\/td>\n<\/tr>\n<tr>\n<td>Max. vermogen inboard<\/td>\n<td>57PK<\/td>\n<\/tr>\n<tr>\n<td>Min. vermogen outboard<\/td>\n<td>50PK<\/td>\n<\/tr>\n<tr>\n<td>Max. vermogen outboard<\/td>\n<td>115PK<\/td>\n<\/tr>\n<tr>\n<td>Treibstofftank<\/td>\n<td>190L<\/td>\n<\/tr>\n<tr>\n<td>CE Kategorie<\/td>\n<td>C<\/td>\n<\/tr>\n<\/table><\/div><\/div><!-- \/.sc_table_wrap -->[\/vc_column][\/vc_row][vc_row][vc_column][vc_custom_heading text=&#8221;Lay-out&#8221; font_container=&#8221;tag:h2|text_align:center&#8221;][\/vc_column][\/vc_row][vc_row][vc_column][vc_single_image image=&#8221;1583&#8243; img_size=&#8221;full&#8221; alignment=&#8221;center&#8221;][\/vc_column][\/vc_row][vc_row][vc_column][vc_empty_space height=&#8221;64px&#8221; alter_height=&#8221;small&#8221; hide_on_mobile=&#8221;&#8221;][vc_btn title=&#8221;Brosch\u00fcre anfordern&#8221; color=&#8221;peacoc&#8221; align=&#8221;center&#8221;][\/vc_column][\/vc_row][vc_row][vc_column][\/vc_column][\/vc_row]<\/p>\n<\/div>","protected":false},"excerpt":{"rendered":"<p>[vc_row][vc_column width=&#8221;1\/2&#8243;][vc_single_image image=&#8221;1585&#8243; img_size=&#8221;large&#8221;][\/vc_column][vc_column width=&#8221;1\/2&#8243;][vc_column_text] sun camper 35 [\/vc_column_text][vc_column_text]Der SunCamper 35 zeichnet sich durch sein modernes Design, einen hydrodynamisch perfekten Rumpf und einen unglaublich funktionalen und ger\u00e4umigen Innenraum aus. Die Yacht hat 2 Schlafkabinen und die Kapit\u00e4nskabine hat sogar ein eigenes Badezimmer. Das Boot bietet Schlafplatz f\u00fcr 7 Personen und Wohnraum tags\u00fcber f\u00fcr 10 Personen. Nach dem \u00d6ffnen der Schiebet\u00fcr&hellip;<\/p>\n","protected":false},"author":1,"featured_media":0,"parent":0,"menu_order":0,"comment_status":"closed","ping_status":"closed","template":"","meta":{"footnotes":""},"_links":{"self":[{"href":"https:\/\/www.balt-yachts.nl\/de\/wp-json\/wp\/v2\/pages\/1888"}],"collection":[{"href":"https:\/\/www.balt-yachts.nl\/de\/wp-json\/wp\/v2\/pages"}],"about":[{"href":"https:\/\/www.balt-yachts.nl\/de\/wp-json\/wp\/v2\/types\/page"}],"author":[{"embeddable":true,"href":"https:\/\/www.balt-yachts.nl\/de\/wp-json\/wp\/v2\/users\/1"}],"replies":[{"embeddable":true,"href":"https:\/\/www.balt-yachts.nl\/de\/wp-json\/wp\/v2\/comments?post=1888"}],"version-history":[{"count":9,"href":"https:\/\/www.balt-yachts.nl\/de\/wp-json\/wp\/v2\/pages\/1888\/revisions"}],"predecessor-version":[{"id":2100,"href":"https:\/\/www.balt-yachts.nl\/de\/wp-json\/wp\/v2\/pages\/1888\/revisions\/2100"}],"wp:attachment":[{"href":"https:\/\/www.balt-yachts.nl\/de\/wp-json\/wp\/v2\/media?parent=1888"}],"curies":[{"name":"wp","href":"https:\/\/api.w.org\/{rel}","templated":true}]}}