{"id":1886,"date":"2021-10-11T16:43:40","date_gmt":"2021-10-11T16:43:40","guid":{"rendered":"https:\/\/www.balt-yachts.nl\/standaard-uitrusting-titanium-918\/"},"modified":"2024-01-18T11:32:50","modified_gmt":"2024-01-18T11:32:50","slug":"standaard-uitrusting-titanium-918","status":"publish","type":"page","link":"https:\/\/www.balt-yachts.nl\/de\/standaard-uitrusting-titanium-918\/","title":{"rendered":"Serienm\u00e4\u00dfige Ausstattung Titan 918"},"content":{"rendered":"<div class=\"wpb-content-wrapper\"><p>[vc_row][vc_column]<div id=\"sc_content_1759598309\"\n\t\tclass=\"sc_content sc_content_default\"><div class=\"sc_content_container\">[vc_column_text]Der Grundpreis des Balt 918 Titanium betr\u00e4gt \u20ac 102.990,- ohne. MwSt. Dieser ist dann bereits mit folgender umfangreicher Serienausstattung ausgestattet:<br \/>\n<strong>RUMPF<\/strong><br \/>\nRumpf in wei\u00df<br \/>\nHandlaminiertes Polyester<br \/>\nStreifen Wasserlinie (schwarz oder wei\u00df)<br \/>\nPanoramische Fenster zum Steuerbord und zum Hafen<br \/>\nDekorative Bord\u00fcren auf beiden Seiten des Bootes<br \/>\nBadeplattform mit Treppe (4 Stufen) und Haltegriff<br \/>\n<strong>DECK<\/strong><br \/>\nDeck in wei\u00df<br \/>\nHandlaminierte Polyester-Sandwichkonstruktion<br \/>\nRutschfest auf dem Deck<br \/>\nAnkerkasten<br \/>\nVollseitiges Gel\u00e4nder<br \/>\n2 Heckk\u00f6rbe<br \/>\n2 Griffe auf dem Dach<br \/>\n2 Griffe an den S\u00e4ulen<br \/>\n4 Klampen<br \/>\nKabinenaufbau mit Dach (RAL 7032) und Glasfenstern<br \/>\nIn Seitenfenstern die M\u00f6glichkeit, einen Teil aufzuschieben<br \/>\nL\u00fcftungsgitter in der Frontscheibe<br \/>\nDecksluke in der vorderen Kabine<br \/>\nBullauge im Toilettenbereich<br \/>\nSitzplatz auf dem Vordeck<br \/>\n<strong>COCKPIT<\/strong><br \/>\nSelbstlenzendes Cockpit<br \/>\nGasbr\u00f6tchen<br \/>\nSitzgruppe mit R\u00fcckenlehne aus Edelstahl<br \/>\nAbnehmbarer Sitz, auch Cockpitverschluss<br \/>\nCockpitverschluss<br \/>\n<strong>KABINEN\/TOILETTENRAUM<\/strong><br \/>\nBoden in Teak-Optik<br \/>\nKissen im Salon<br \/>\nOffene Vorderkabine mit Doppelbett, Stauf\u00e4chern und Schlie\u00dff\u00e4chern<br \/>\n2 offene Achterkabinen mit Doppelbetten, Ablagef\u00e4chern und Schlie\u00dff\u00e4chern<br \/>\nEine Bel\u00fcftungsluke an beiden Achterkabinen<br \/>\nSeparater Toilettenraum mit Waschbecken<br \/>\n<strong>SALON\/K\u00dcCHE<\/strong><br \/>\nSteuerkonsole mit Lenkrad<br \/>\nMeter unter der Windschutzscheibe<br \/>\nKapit\u00e4nsstuhl<br \/>\nBeifahrersitz mit umkehrbarer R\u00fcckenlehne<br \/>\nArbeitsplatte mit Sp\u00fcle und 2 Gasbrennern<br \/>\nWasserhahn chrom (klappbar)<br \/>\nAblagef\u00e4cher und Schr\u00e4nke in der K\u00fcche<br \/>\nFeuerl\u00f6scher<br \/>\nAbfalleimer<br \/>\n<strong>ELEKTRIZIT\u00c4T<\/strong><br \/>\nBeleuchtung innen LED<br \/>\nAmbientebeleuchtung in Kabinen (LED)<br \/>\nHorn<br \/>\nSicherungskasten<br \/>\nHauptschalter<br \/>\nUSB-Anschluss an der Lenkkonsole<br \/>\n2 elektrische Lenzpumpen<br \/>\nBetriebsbatterie 100h (Gel)<br \/>\n<strong>WASSER INSTALLATION<\/strong><br \/>\nWassertank 130L<br \/>\nAnalogz\u00e4hler mit Sensor f\u00fcr Wassertank<br \/>\nAutomatisches Drucksystem<br \/>\n<strong>GAS-INSTALLATION<\/strong><br \/>\nGasinstallation mit Gasdruckregler<br \/>\n<strong>ANDERE<\/strong><br \/>\nHydraulisches Au\u00dfenbord-Lenksystem<br \/>\nKraftstofftank Kunststoff 120L[\/vc_column_text]<\/div><\/div><!-- \/.sc_content -->[\/vc_column][\/vc_row]<\/p>\n<\/div>","protected":false},"excerpt":{"rendered":"<p>[vc_row][vc_column][\/vc_column][\/vc_row]<\/p>\n","protected":false},"author":990002,"featured_media":0,"parent":0,"menu_order":0,"comment_status":"closed","ping_status":"closed","template":"","meta":{"footnotes":""},"_links":{"self":[{"href":"https:\/\/www.balt-yachts.nl\/de\/wp-json\/wp\/v2\/pages\/1886"}],"collection":[{"href":"https:\/\/www.balt-yachts.nl\/de\/wp-json\/wp\/v2\/pages"}],"about":[{"href":"https:\/\/www.balt-yachts.nl\/de\/wp-json\/wp\/v2\/types\/page"}],"author":[{"embeddable":true,"href":"https:\/\/www.balt-yachts.nl\/de\/wp-json\/wp\/v2\/users\/990002"}],"replies":[{"embeddable":true,"href":"https:\/\/www.balt-yachts.nl\/de\/wp-json\/wp\/v2\/comments?post=1886"}],"version-history":[{"count":4,"href":"https:\/\/www.balt-yachts.nl\/de\/wp-json\/wp\/v2\/pages\/1886\/revisions"}],"predecessor-version":[{"id":2070,"href":"https:\/\/www.balt-yachts.nl\/de\/wp-json\/wp\/v2\/pages\/1886\/revisions\/2070"}],"wp:attachment":[{"href":"https:\/\/www.balt-yachts.nl\/de\/wp-json\/wp\/v2\/media?parent=1886"}],"curies":[{"name":"wp","href":"https:\/\/api.w.org\/{rel}","templated":true}]}}