{"id":1883,"date":"2019-10-23T15:44:02","date_gmt":"2019-10-23T15:44:02","guid":{"rendered":"https:\/\/www.balt-yachts.nl\/privacy-policy\/"},"modified":"2022-03-17T09:34:40","modified_gmt":"2022-03-17T09:34:40","slug":"privacy-policy","status":"publish","type":"page","link":"https:\/\/www.balt-yachts.nl\/de\/privacy-policy\/","title":{"rendered":"Privacy Policy"},"content":{"rendered":"<div class=\"entry-content\">\n<p>November 2021<\/p>\n<p>Sailingcenter Langweer mit Sitz in Pontdijk 8c, 8525 GG in Langweer, ist f\u00fcr die Verarbeitung personenbezogener Daten gem\u00e4\u00df dieser Datenschutzerkl\u00e4rung verantwortlich.<\/p>\n<p>Kontaktdetails:<\/p>\n<p>Sailingcenter Langweer<\/p>\n<p>Pontdijk 8c<\/p>\n<p>8525 GG Langweer<\/p>\n<p>Personenbezogene Daten, die wir verarbeiten<\/p>\n<p>Sailingcenter Langweer verarbeitet Ihre personenbezogenen Daten, weil Sie unsere Dienste nutzen und\/oder weil Sie uns diese Daten selbst zur Verf\u00fcgung stellen.<\/p>\n<p>Nachfolgend finden Sie eine \u00dcbersicht \u00fcber die von uns verarbeiteten personenbezogenen Daten:<\/p>\n<p>&#8211; Vor-und Nachname<\/p>\n<p>\u2013 Adresse<\/p>\n<p>\u2013 E-Mailadresse<\/p>\n<p>\u2013 Handy Nummer<\/p>\n<p>Besondere und\/oder sensible personenbezogene Daten, die wir verarbeiten<\/p>\n<p>Unsere Website und\/oder unser Dienst beabsichtigen nicht, Daten \u00fcber Website-Besucher zu sammeln, die j\u00fcnger als 16 Jahre sind. Es sei denn, sie haben die Erlaubnis der Eltern oder Erziehungsberechtigten. Wir k\u00f6nnen jedoch nicht \u00fcberpr\u00fcfen, ob ein Besucher \u00e4lter als 16 Jahre ist. Wir raten Eltern daher, sich an den Online-Aktivit\u00e4ten ihrer Kinder zu beteiligen, um zu verhindern, dass Daten \u00fcber Kinder ohne elterliche Zustimmung gesammelt werden. Wenn Sie \u00fcberzeugt sind, dass wir ohne diese Erlaubnis personenbezogene Daten \u00fcber einen Minderj\u00e4hrigen gesammelt haben, kontaktieren Sie uns bitte unter info@sailingcenter.nl und wir werden diese Informationen l\u00f6schen.<\/p>\n<p>Zu welchem \u200b\u200bZweck und auf welcher Grundlage verarbeiten wir personenbezogene Daten<\/p>\n<p>Sailingcenter Langweer verarbeitet Ihre personenbezogenen Daten f\u00fcr folgende Zwecke:<\/p>\n<p>\u2013 Um Waren und Dienstleistungen an Sie zu liefern<\/p>\n<p>\u2013 Bearbeitung Ihrer Zahlung<\/p>\n<p>\u2013 Um Sie anrufen oder per E-Mail kontaktieren zu k\u00f6nnen, wenn dies f\u00fcr die Erbringung unserer Dienstleistungen erforderlich ist<\/p>\n<p>\u2013 Um Sie \u00fcber \u00c4nderungen an unseren Dienstleistungen und Produkten zu informieren<\/p>\n<p>\u2013 Sailingcenter Langweer verarbeitet auch personenbezogene Daten, wenn wir gesetzlich dazu verpflichtet sind, wie z. B. Daten, die wir f\u00fcr unsere Steuererkl\u00e4rung ben\u00f6tigen<\/p>\n<p>Automatisierte Entscheidungsfindung<\/p>\n<p>Sailingcenter Langweer trifft keine Entscheidungen auf der Grundlage einer automatisierten Verarbeitung in Angelegenheiten, die (erhebliche) Folgen f\u00fcr Menschen haben k\u00f6nnen. Dies sind Entscheidungen, die von Computerprogrammen oder -systemen getroffen werden, ohne dass eine Person (z. B. ein Mitarbeiter des Segelzentrums Langweer) beteiligt ist.<\/p>\n<p>Wie lange wir personenbezogene Daten aufbewahren<\/p>\n<p>Sailingcenter Langweer speichert Ihre personenbezogenen Daten nicht l\u00e4nger als unbedingt erforderlich, um die Zwecke zu erf\u00fcllen, f\u00fcr die Ihre Daten erhoben werden. Wir verwenden die folgenden Aufbewahrungsfristen f\u00fcr die folgenden (Kategorien) personenbezogener Daten:<\/p>\n<p>Wir l\u00f6schen die von Ihnen \u00fcber unser Kontaktformular \u00fcbermittelten personenbezogenen Daten innerhalb von 12 Monaten nach unserem letzten Kontakt mit Ihnen.<br \/>\nDie vorstehenden Fristen gelten, sofern keine gesetzliche Verpflichtung besteht, die Daten l\u00e4nger aufzubewahren und\/oder zur Verf\u00fcgung zu halten. Wenn Sie tats\u00e4chlich ein Boot buchen oder eine andere Dienstleistung\/Ware kaufen, gelten die gesetzlichen Aufbewahrungsfristen f\u00fcr die Speicherung Ihrer Daten.<br \/>\nWeitergabe personenbezogener Daten an Dritte<\/p>\n<p>Sailingcenter Langweer verkauft Ihre Daten nicht an Dritte und gibt sie nur weiter, wenn dies f\u00fcr die Ausf\u00fchrung unserer Vereinbarung mit Ihnen oder zur Erf\u00fcllung einer gesetzlichen Verpflichtung erforderlich ist. Wir schlie\u00dfen mit Unternehmen, die Ihre Daten in unserem Auftrag verarbeiten, einen Verarbeitungsvertrag ab, um das gleiche Ma\u00df an Sicherheit und Vertraulichkeit Ihrer Daten zu gew\u00e4hrleisten.<\/p>\n<p>Cookies oder \u00e4hnliche Techniken, die wir verwenden<\/p>\n<p>Sailingcenter Langweer verwendet nur technische und funktionale Cookies. Und analytische Cookies, die Ihre Privatsph\u00e4re nicht verletzen. Ein Cookie ist eine kleine Textdatei, die auf Ihrem Computer, Tablet oder Smartphone gespeichert wird, wenn Sie diese Website zum ersten Mal besuchen. Die von uns verwendeten Cookies sind f\u00fcr das technische Funktionieren der Website und Ihre Benutzerfreundlichkeit erforderlich. Sie stellen sicher, dass die Website ordnungsgem\u00e4\u00df funktioniert und merken sich beispielsweise Ihre bevorzugten Einstellungen. Auch k\u00f6nnen wir damit unsere Website optimieren. Sie k\u00f6nnen Cookies ablehnen, indem Sie Ihren Internetbrowser so einstellen, dass er keine Cookies mehr speichert. Dar\u00fcber hinaus k\u00f6nnen Sie auch alle zuvor gespeicherten Informationen \u00fcber die Einstellungen Ihres Browsers l\u00f6schen.<\/p>\n<p>Daten anzeigen, \u00e4ndern oder l\u00f6schen<\/p>\n<p>Sie haben das Recht, Ihre personenbezogenen Daten einzusehen, zu korrigieren oder zu l\u00f6schen. Sie k\u00f6nnen diese Informationen anfordern. Dar\u00fcber hinaus haben Sie das Recht, Ihre Einwilligung zur Datenverarbeitung zu widerrufen oder der Verarbeitung Ihrer personenbezogenen Daten durch unser Unternehmen zu widersprechen, und Sie haben das Recht auf Daten\u00fcbertragbarkeit Das bedeutet, dass Sie uns bitten k\u00f6nnen, die personenbezogenen Daten, die wir \u00fcber Sie gespeichert haben, in einer Computerdatei an Sie oder eine andere von Ihnen genannte Organisation zu senden.<\/p>\n<p>Wenn Sie von Ihrem Widerspruchsrecht und\/oder Recht auf Daten\u00fcbertragbarkeit Gebrauch machen m\u00f6chten oder wenn Sie andere Fragen\/Anmerkungen zur Datenverarbeitung haben, senden Sie bitte eine spezifische Anfrage an info@sailingcenter.nl.<\/p>\n<p>Um sicherzustellen, dass der Zugangsantrag von Ihnen gestellt wurde, bitten wir Sie, dem Antrag eine Kopie Ihres Identit\u00e4tsnachweises beizuf\u00fcgen. Machen Sie in dieser Kopie Ihr Passfoto, MRZ (maschinenlesbare Zone, der Nummernstreifen am unteren Rand des Passes), Passnummer und B\u00fcrgerservicenummer (BSN) schwarz. Dies dient dem Schutz Ihrer Privatsph\u00e4re. Sailingcenter Langweer wird Ihre Anfrage so schnell wie m\u00f6glich beantworten, in jedem Fall jedoch innerhalb von vier Wochen.<\/p>\n<p>Sailing Center Langweer m\u00f6chte auch darauf hinweisen, dass Sie die M\u00f6glichkeit haben, eine Beschwerde bei der nationalen Aufsichtsbeh\u00f6rde, der niederl\u00e4ndischen Datenschutzbeh\u00f6rde, einzureichen. Das k\u00f6nnen Sie \u00fcber den folgenden Link tun: https:\/\/autoriteitpersoonsgegevens.nl\/nl\/contact-met-de-autoriteit-persoonsgegevens\/tip-ons<\/p>\n<p>Wie wir personenbezogene Daten sch\u00fctzen<\/p>\n<p>Sailingcenter Langweer nimmt den Schutz Ihrer Daten ernst und ergreift geeignete Ma\u00dfnahmen, um Missbrauch, Verlust, unbefugten Zugriff, unerw\u00fcnschte Offenlegung und unbefugte \u00c4nderung zu verhindern. Wenn Sie der Meinung sind, dass Ihre Daten nicht ausreichend gesichert sind oder Hinweise auf Missbrauch vorliegen, wenden Sie sich bitte an Sailingcenter Langweer.<\/p>\n<\/div>\n","protected":false},"excerpt":{"rendered":"<p>November 2021 Sailingcenter Langweer mit Sitz in Pontdijk 8c, 8525 GG in Langweer, ist f\u00fcr die Verarbeitung personenbezogener Daten gem\u00e4\u00df dieser Datenschutzerkl\u00e4rung verantwortlich. Kontaktdetails: Sailingcenter Langweer Pontdijk 8c 8525 GG Langweer Personenbezogene Daten, die wir verarbeiten Sailingcenter Langweer verarbeitet Ihre personenbezogenen Daten, weil Sie unsere Dienste nutzen und\/oder weil Sie uns diese Daten selbst zur Verf\u00fcgung stellen. Nachfolgend finden Sie&hellip;<\/p>\n","protected":false},"author":1,"featured_media":0,"parent":0,"menu_order":0,"comment_status":"closed","ping_status":"closed","template":"","meta":{"footnotes":""},"_links":{"self":[{"href":"https:\/\/www.balt-yachts.nl\/de\/wp-json\/wp\/v2\/pages\/1883"}],"collection":[{"href":"https:\/\/www.balt-yachts.nl\/de\/wp-json\/wp\/v2\/pages"}],"about":[{"href":"https:\/\/www.balt-yachts.nl\/de\/wp-json\/wp\/v2\/types\/page"}],"author":[{"embeddable":true,"href":"https:\/\/www.balt-yachts.nl\/de\/wp-json\/wp\/v2\/users\/1"}],"replies":[{"embeddable":true,"href":"https:\/\/www.balt-yachts.nl\/de\/wp-json\/wp\/v2\/comments?post=1883"}],"version-history":[{"count":1,"href":"https:\/\/www.balt-yachts.nl\/de\/wp-json\/wp\/v2\/pages\/1883\/revisions"}],"predecessor-version":[{"id":1936,"href":"https:\/\/www.balt-yachts.nl\/de\/wp-json\/wp\/v2\/pages\/1883\/revisions\/1936"}],"wp:attachment":[{"href":"https:\/\/www.balt-yachts.nl\/de\/wp-json\/wp\/v2\/media?parent=1883"}],"curies":[{"name":"wp","href":"https:\/\/api.w.org\/{rel}","templated":true}]}}