{"id":1881,"date":"2021-09-23T11:40:29","date_gmt":"2021-09-23T11:40:29","guid":{"rendered":"https:\/\/www.balt-yachts.nl\/nieuws\/"},"modified":"2022-03-17T09:49:28","modified_gmt":"2022-03-17T09:49:28","slug":"nieuws","status":"publish","type":"page","link":"https:\/\/www.balt-yachts.nl\/de\/nieuws\/","title":{"rendered":"Nachrichten"},"content":{"rendered":"<div class=\"wpb-content-wrapper\"><p>[vc_row][vc_column width=&#8221;1\/4&#8243;][vc_single_image image=&#8221;1854&#8243; img_size=&#8221;300&#215;200&#8243; css=&#8221;.vc_custom_1639513376073{margin-bottom: 30px !important;}&#8221;][\/vc_column][vc_column width=&#8221;3\/4&#8243;][vc_column_text]<strong>Sch\u00f6ne Ferien<br \/>\n<\/strong><\/p>\n<p>Das Team vom Sailingcenter Langweer w\u00fcnscht Ihnen und Ihren Lieben sch\u00f6ne Feiertage und alles Gute f\u00fcr das neue Jahr.<br \/>\nWir hoffen, Sie im neuen Jahr wieder gesund im Hafen begr\u00fc\u00dfen zu d\u00fcrfen.<br \/>\nAchtung: Bitte beachten Sie, dass wir vom 24.12.2021 bis 03.01.2022 geschlossen haben[\/vc_column_text][\/vc_column][\/vc_row][vc_row][vc_column width=&#8221;1\/4&#8243;][vc_single_image image=&#8221;1671&#8243; img_size=&#8221;medium&#8221; css=&#8221;.vc_custom_1633625122433{margin-bottom: 30px !important;}&#8221;][\/vc_column][vc_column width=&#8221;3\/4&#8243;][vc_column_text]<strong>NEUE WEBSITE!!<\/strong><\/p>\n<p>Willkommen auf der neuen Website von Balt Yachts by Sailingcenter Langweer. Auf dieser erneuerten Website finden Sie alle Modelle, die von der Balt-Werft hergestellt werden, und Sie k\u00f6nnen alle Informationen \u00fcber Segel- und Motoryachten finden.<br \/>\nSie m\u00f6chten eine Brosch\u00fcre anfordern oder einen Besichtigungstermin vereinbaren? Bitte z\u00f6gern Sie nicht uns zu kontaktieren[\/vc_column_text][\/vc_column][\/vc_row][vc_row][vc_column][vc_separator][\/vc_column][\/vc_row][vc_row][vc_column][vc_wp_text]<script>(function() {\n\twindow.mc4wp = window.mc4wp || {\n\t\tlisteners: [],\n\t\tforms: {\n\t\t\ton: function(evt, cb) {\n\t\t\t\twindow.mc4wp.listeners.push(\n\t\t\t\t\t{\n\t\t\t\t\t\tevent   : evt,\n\t\t\t\t\t\tcallback: cb\n\t\t\t\t\t}\n\t\t\t\t);\n\t\t\t}\n\t\t}\n\t}\n})();\n<\/script><!-- Mailchimp for WordPress v4.12.2 - https:\/\/wordpress.org\/plugins\/mailchimp-for-wp\/ --><form id=\"mc4wp-form-1\" class=\"mc4wp-form mc4wp-form-506 mc4wp-form-theme mc4wp-form-theme-light\" method=\"post\" data-id=\"506\" data-name=\"sign-up\" ><div class=\"mc4wp-form-fields\">Inschrijven voor de nieuwsbrief\r\n\r\n<div class=\"vc_row wpb_row vc_row-fluid\">\r\n  <div class=\"vc_column-inner\">\r\n    <label>E-mailadres<\/label>\r\n    <input type=\"email\" name=\"EMAIL\" required=\"\">\r\n  <\/div>\r\n<\/div>\r\n\r\n<div class=\"vc_row wpb_row vc_row-fluid\">\r\n    <div class=\"vc_column-inner\">\r\n    <label>Voornaam<\/label>\r\n    <input type=\"text\" name=\"FNAME\" required=\"\">\r\n<\/div>\r\n<\/div>\r\n\r\n<div class=\"vc_row wpb_row vc_row-fluid\">\r\n    <div class=\"vc_column-inner\">\r\n    <label>Achternaam<\/label>\r\n    <input type=\"text\" name=\"LNAME\" required=\"\">\r\n<\/div>\r\n<\/div>\r\n\r\n<div class=\"vc_row wpb_row vc_row-fluid\">\r\n    <div class=\"vc_column-inner\">\r\n    <label>\r\n        <input name=\"AGREE_TO_TERMS\" type=\"checkbox\" value=\"1\" required=\"\"> <a href=\"https:\/\/www.balt-yachts.nl\/privacy-policy\/\" target=\"_blank\">Ik heb de voorwaarden gelezen en ga ermee akkoord<\/a>\r\n    <\/label>\r\n<\/div>\r\n<\/div>\r\n\r\n<div class=\"vc_row wpb_row vc_row-fluid\">\r\n    <div class=\"vc_column-inner\">\r\n    <input type=\"submit\" value=\"Inschrijven\" class=\"button-submit sc_button_hover_slide_top\" style=\"color:#fff !important\">\r\n<\/div>\r\n<\/div><label style=\"display: none !important;\">Wenn du ein Mensch bist, lasse das Feld leer: <input type=\"text\" name=\"_mc4wp_honeypot\" value=\"\" tabindex=\"-1\" autocomplete=\"off\" \/><\/label><input type=\"hidden\" name=\"_mc4wp_timestamp\" value=\"1777622459\" \/><input type=\"hidden\" name=\"_mc4wp_form_id\" value=\"506\" \/><input type=\"hidden\" name=\"_mc4wp_form_element_id\" value=\"mc4wp-form-1\" \/><div class=\"mc4wp-response\"><\/div><\/form><!-- \/ Mailchimp for WordPress Plugin -->[\/vc_wp_text][\/vc_column][\/vc_row]<\/p>\n<\/div>","protected":false},"excerpt":{"rendered":"<p>[vc_row][vc_column width=&#8221;1\/4&#8243;][vc_single_image image=&#8221;1854&#8243; img_size=&#8221;300&#215;200&#8243; css=&#8221;.vc_custom_1639513376073{margin-bottom: 30px !important;}&#8221;][\/vc_column][vc_column width=&#8221;3\/4&#8243;][vc_column_text]Sch\u00f6ne Ferien Das Team vom Sailingcenter Langweer w\u00fcnscht Ihnen und Ihren Lieben sch\u00f6ne Feiertage und alles Gute f\u00fcr das neue Jahr. Wir hoffen, Sie im neuen Jahr wieder gesund im Hafen begr\u00fc\u00dfen zu d\u00fcrfen. Achtung: Bitte beachten Sie, dass wir vom 24.12.2021 bis 03.01.2022 geschlossen haben[\/vc_column_text][\/vc_column][\/vc_row][vc_row][vc_column width=&#8221;1\/4&#8243;][vc_single_image image=&#8221;1671&#8243; img_size=&#8221;medium&#8221; css=&#8221;.vc_custom_1633625122433{margin-bottom: 30px !important;}&#8221;][\/vc_column][vc_column width=&#8221;3\/4&#8243;][vc_column_text]NEUE&hellip;<\/p>\n","protected":false},"author":1,"featured_media":0,"parent":0,"menu_order":0,"comment_status":"closed","ping_status":"closed","template":"","meta":{"footnotes":""},"_links":{"self":[{"href":"https:\/\/www.balt-yachts.nl\/de\/wp-json\/wp\/v2\/pages\/1881"}],"collection":[{"href":"https:\/\/www.balt-yachts.nl\/de\/wp-json\/wp\/v2\/pages"}],"about":[{"href":"https:\/\/www.balt-yachts.nl\/de\/wp-json\/wp\/v2\/types\/page"}],"author":[{"embeddable":true,"href":"https:\/\/www.balt-yachts.nl\/de\/wp-json\/wp\/v2\/users\/1"}],"replies":[{"embeddable":true,"href":"https:\/\/www.balt-yachts.nl\/de\/wp-json\/wp\/v2\/comments?post=1881"}],"version-history":[{"count":3,"href":"https:\/\/www.balt-yachts.nl\/de\/wp-json\/wp\/v2\/pages\/1881\/revisions"}],"predecessor-version":[{"id":1945,"href":"https:\/\/www.balt-yachts.nl\/de\/wp-json\/wp\/v2\/pages\/1881\/revisions\/1945"}],"wp:attachment":[{"href":"https:\/\/www.balt-yachts.nl\/de\/wp-json\/wp\/v2\/media?parent=1881"}],"curies":[{"name":"wp","href":"https:\/\/api.w.org\/{rel}","templated":true}]}}