{"id":1879,"date":"2016-10-12T10:43:36","date_gmt":"2016-10-12T10:43:36","guid":{"rendered":"https:\/\/www.balt-yachts.nl\/homepage-1\/"},"modified":"2022-03-30T19:04:07","modified_gmt":"2022-03-30T19:04:07","slug":"homepage-1","status":"publish","type":"page","link":"https:\/\/www.balt-yachts.nl\/de\/","title":{"rendered":"Homepage"},"content":{"rendered":"<div class=\"wpb-content-wrapper\"><p>[vc_row][vc_column]\n\t\t\t<!-- START Slider homepagina REVOLUTION SLIDER 6.6.15 --><p class=\"rs-p-wp-fix\"><\/p>\n\t\t\t<rs-module-wrap id=\"rev_slider_1_1_wrapper\" data-source=\"gallery\" style=\"visibility:hidden;background:transparent;padding:0;\">\n\t\t\t\t<rs-module id=\"rev_slider_1_1\" style=\"\" data-version=\"6.6.15\">\n\t\t\t\t\t<rs-slides style=\"overflow: hidden; position: absolute;\">\n\t\t\t\t\t\t<rs-slide style=\"position: absolute;\" data-key=\"rs-1\" data-title=\"Slide\" data-thumb=\"\/\/www.balt-yachts.nl\/wp-content\/uploads\/2020\/11\/Balt-yacht-3-scaled-100x50.jpg\" data-anim=\"ms:600;r:0;\" data-in=\"o:0;\" data-out=\"a:false;\">\n\t\t\t\t\t\t\t<img decoding=\"async\" src=\"\/\/www.balt-yachts.nl\/wp-content\/plugins\/revslider\/public\/assets\/assets\/dummy.png\" alt=\"\" title=\"Balt-yacht-3\" width=\"2560\" height=\"1707\" class=\"rev-slidebg tp-rs-img rs-lazyload\" data-lazyload=\"\/\/www.balt-yachts.nl\/wp-content\/uploads\/2020\/11\/Balt-yacht-3-scaled.jpg\" data-panzoom=\"d:10000;ss:100;se:110;\" data-no-retina>\n<!---->\t\t\t\t\t\t<\/rs-slide>\n\t\t\t\t\t\t<rs-slide style=\"position: absolute;\" data-key=\"rs-2\" data-title=\"Slide\" data-thumb=\"\/\/www.balt-yachts.nl\/wp-content\/uploads\/2021\/10\/cropped-094A3750-scaled-1-100x50.jpg\" data-anim=\"ms:600;r:0;\" data-in=\"o:0;\" data-out=\"a:false;\">\n\t\t\t\t\t\t\t<img decoding=\"async\" src=\"\/\/www.balt-yachts.nl\/wp-content\/plugins\/revslider\/public\/assets\/assets\/dummy.png\" alt=\"\" title=\"cropped-094A3750-scaled-1.jpg\" width=\"2560\" height=\"1707\" class=\"rev-slidebg tp-rs-img rs-lazyload\" data-lazyload=\"\/\/www.balt-yachts.nl\/wp-content\/uploads\/2021\/10\/cropped-094A3750-scaled-1.jpg\" data-panzoom=\"d:10000;ss:110;se:100;\" data-no-retina>\n<!---->\t\t\t\t\t\t<\/rs-slide>\n\t\t\t\t\t\t<rs-slide style=\"position: absolute;\" data-key=\"rs-3\" data-title=\"Slide\" data-thumb=\"\/\/www.balt-yachts.nl\/wp-content\/uploads\/2020\/11\/test1-scaled-100x50.jpg\" data-anim=\"ms:600;r:0;\" data-in=\"o:0;\" data-out=\"a:false;\">\n\t\t\t\t\t\t\t<img decoding=\"async\" src=\"\/\/www.balt-yachts.nl\/wp-content\/plugins\/revslider\/public\/assets\/assets\/dummy.png\" alt=\"\" title=\"test1\" width=\"2560\" height=\"1707\" class=\"rev-slidebg tp-rs-img rs-lazyload\" data-lazyload=\"\/\/www.balt-yachts.nl\/wp-content\/uploads\/2020\/11\/test1-scaled.jpg\" data-panzoom=\"d:10000;ss:110;se:100;\" data-no-retina>\n<!---->\t\t\t\t\t\t<\/rs-slide>\n\t\t\t\t\t<\/rs-slides>\n\t\t\t\t\t<rs-static-layers><!--\n\t\t\t\t\t--><\/rs-static-layers>\n\t\t\t\t<\/rs-module>\n\t\t\t\t<script>\n\t\t\t\t\tsetREVStartSize({c: 'rev_slider_1_1',rl:[1240,1024,778,480],el:[752,768,960,720],gw:[1920,1024,778,480],gh:[752,768,960,720],type:'standard',justify:'',layout:'fullscreen',offsetContainer:'',offset:'',mh:\"0\"});if (window.RS_MODULES!==undefined && window.RS_MODULES.modules!==undefined && window.RS_MODULES.modules[\"revslider11\"]!==undefined) {window.RS_MODULES.modules[\"revslider11\"].once = false;window.revapi1 = undefined;if (window.RS_MODULES.checkMinimal!==undefined) window.RS_MODULES.checkMinimal()}\n\t\t\t\t<\/script>\n\t\t\t<\/rs-module-wrap>\n\t\t\t<!-- END REVOLUTION SLIDER -->\n[\/vc_column][vc_column][\/vc_column][\/vc_row][vc_row][vc_column][vc_empty_space alter_height=&#8221;large&#8221; hide_on_mobile=&#8221;&#8221;][\/vc_column][\/vc_row][vc_row][vc_column width=&#8221;1\/3&#8243;][vc_single_image image=&#8221;1347&#8243; img_size=&#8221;600&#215;400&#8243; onclick=&#8221;custom_link&#8221; link=&#8221;https:\/\/www.balt-yachts.nl\/de\/balt27\/&#8221;][vc_custom_heading text=&#8221;Segelboote&#8221; font_container=&#8221;tag:h2|text_align:center&#8221; use_theme_fonts=&#8221;yes&#8221; link=&#8221;url:%20https%3A%2F%2Fwww.balt-yachts.nl%2Fde%2Fbalt27%2F&#8221;][\/vc_column][vc_column width=&#8221;1\/3&#8243;][vc_single_image image=&#8221;1370&#8243; img_size=&#8221;600&#215;400&#8243; onclick=&#8221;custom_link&#8221; link=&#8221;https:\/\/www.balt-yachts.nl\/de\/titanium-modellen\/&#8221;][vc_custom_heading text=&#8221;Titanium&#8221; font_container=&#8221;tag:h2|text_align:center&#8221; use_theme_fonts=&#8221;yes&#8221; link=&#8221;url:https%3A%2F%2Fwww.balt-yachts.nl%2Fde%2Ftitanium-modellen%2F&#8221;][\/vc_column][vc_column width=&#8221;1\/3&#8243;][vc_single_image image=&#8221;1371&#8243; img_size=&#8221;600&#215;400&#8243; onclick=&#8221;custom_link&#8221; link=&#8221;https:\/\/www.balt-yachts.nl\/de\/suncamper-35\/&#8221;][vc_custom_heading text=&#8221;SunCamper&#8221; font_container=&#8221;tag:h2|text_align:center&#8221; use_theme_fonts=&#8221;yes&#8221; link=&#8221;url:https%3A%2F%2Fwww.balt-yachts.nl%2Fde%2Fsuncamper-35%2F&#8221;][\/vc_column][\/vc_row][vc_row][vc_column][vc_empty_space alter_height=&#8221;large&#8221; hide_on_mobile=&#8221;&#8221;][\/vc_column][\/vc_row][vc_row full_width=&#8221;stretch_row_content&#8221; full_height=&#8221;yes&#8221; bg_type=&#8221;image&#8221; parallax_style=&#8221;vcpb-default&#8221; bg_image_new=&#8221;id^1769|url^https:\/\/www.balt-yachts.nl\/wp-content\/uploads\/2021\/10\/foto-website-homepage2.jpg|caption^null|alt^null|title^foto-website-homepage2|description^null&#8221; bg_image_repeat=&#8221;no-repeat&#8221;][vc_column]\n\t\t\t<!-- START Homepage midden REVOLUTION SLIDER 6.6.15 --><p class=\"rs-p-wp-fix\"><\/p>\n\t\t\t<rs-module-wrap id=\"rev_slider_10_2_wrapper\" data-source=\"gallery\" style=\"visibility:hidden;background:transparent;padding:0;margin:0px auto;margin-top:0;margin-bottom:0;\">\n\t\t\t\t<rs-module id=\"rev_slider_10_2\" style=\"\" data-version=\"6.6.15\">\n\t\t\t\t\t<rs-slides style=\"overflow: hidden; position: absolute;\">\n\t\t\t\t\t\t<rs-slide style=\"position: absolute;\" data-key=\"rs-21\" data-title=\"Slide\" data-anim=\"ms:1000;r:0;\" data-in=\"o:0;\" data-out=\"a:false;\">\n\t\t\t\t\t\t\t<img decoding=\"async\" src=\"\/\/www.balt-yachts.nl\/wp-content\/plugins\/revslider\/public\/assets\/assets\/dummy.png\" alt=\"Slide\" title=\"Homepage\" class=\"rev-slidebg tp-rs-img rs-lazyload\" data-lazyload=\"\/\/www.balt-yachts.nl\/wp-content\/plugins\/revslider\/public\/assets\/assets\/transparent.png\" data-no-retina>\n<!--\n\t\t\t\t\t\t\t--><rs-layer\n\t\t\t\t\t\t\t\tid=\"slider-10-slide-21-layer-2\" \n\t\t\t\t\t\t\t\tdata-type=\"image\"\n\t\t\t\t\t\t\t\tdata-rsp_ch=\"on\"\n\t\t\t\t\t\t\t\tdata-xy=\"x:c;y:c;\"\n\t\t\t\t\t\t\t\tdata-text=\"w:normal;\"\n\t\t\t\t\t\t\t\tdata-dim=\"w:100%;h:1340px;\"\n\t\t\t\t\t\t\t\tdata-frame_999=\"o:0;st:w;\"\n\t\t\t\t\t\t\t\tstyle=\"z-index:5;\"\n\t\t\t\t\t\t\t><img decoding=\"async\" src=\"\/\/www.balt-yachts.nl\/wp-content\/plugins\/revslider\/public\/assets\/assets\/dummy.png\" alt=\"\" class=\"tp-rs-img rs-lazyload\" width=\"1787\" height=\"1340\" data-lazyload=\"\/\/www.balt-yachts.nl\/wp-content\/uploads\/2021\/10\/foto-website-homepage2.jpg\" data-c=\"fullwidth\" data-no-retina> \n\t\t\t\t\t\t\t<\/rs-layer><!--\n-->\t\t\t\t\t\t<\/rs-slide>\n\t\t\t\t\t<\/rs-slides>\n\t\t\t\t<\/rs-module>\n\t\t\t\t<script>\n\t\t\t\t\tsetREVStartSize({c: 'rev_slider_10_2',rl:[1240,1024,778,480],el:[1440],gw:[1920],gh:[1440],type:'hero',justify:'',layout:'fullwidth',mh:\"0\"});if (window.RS_MODULES!==undefined && window.RS_MODULES.modules!==undefined && window.RS_MODULES.modules[\"revslider102\"]!==undefined) {window.RS_MODULES.modules[\"revslider102\"].once = false;window.revapi10 = undefined;if (window.RS_MODULES.checkMinimal!==undefined) window.RS_MODULES.checkMinimal()}\n\t\t\t\t<\/script>\n\t\t\t<\/rs-module-wrap>\n\t\t\t<!-- END REVOLUTION SLIDER -->\n[\/vc_column][\/vc_row][vc_row][vc_column][vc_empty_space alter_height=&#8221;large&#8221; hide_on_mobile=&#8221;&#8221;][\/vc_column][\/vc_row][vc_row][vc_column]<div id=\"sc_content_632429213\"\n\t\tclass=\"sc_content sc_content_default sc_float_center sc_align_center\"><div class=\"sc_content_container\">[vc_column_text]<\/p>\n<h3>Balt Yachts durch Sailingcenter Langweer<\/h3>\n<p>Sailingcenter Langweer ist seit 2015 Importeur von Balt Yachts. Wir haben einen ger\u00e4umigen Hafen mit 100 Liegepl\u00e4tzen, mit allen notwendigen Einrichtungen wie einem 20-Tonnen-Kran, einem 12-Tonnen-Gabelstapler und einer beheizten Halle. Unser Hafen liegt direkt an der Langweerder Wielen und liegt zentral im friesischen Seengebiet.<\/p>\n<p>Wir sind nicht nur H\u00e4ndler f\u00fcr Balt Yachts, sondern auch H\u00e4ndler f\u00fcr Azuree Yachts, New Classic und Sportina und betreiben gerne die Vermietung von 53 Segelyachten und 1 Motorboot. Durch die gesamte Wartung und St\u00f6rungsbeseitigung im Verleih haben wir uns zu einem qualitativ hochwertigen und soliden Wartungsunternehmen entwickelt. In der Werft helfen wir Bootsbesitzern bei der Wartung und Umr\u00fcstung nach ihren W\u00fcnschen.[\/vc_column_text]<\/div><\/div><!-- \/.sc_content -->[\/vc_column][\/vc_row][vc_row][vc_column][vc_empty_space alter_height=&#8221;large&#8221; hide_on_mobile=&#8221;&#8221;][\/vc_column][\/vc_row][vc_row full_width=&#8221;stretch_row_content&#8221; full_height=&#8221;yes&#8221; bg_type=&#8221;image&#8221; parallax_style=&#8221;vcpb-default&#8221; bg_image_new=&#8221;id^1471|url^https:\/\/www.balt-yachts.nl\/wp-content\/uploads\/2020\/11\/IMG_0199-scaled.jpg|caption^null|alt^null|title^IMG_0199|description^null&#8221; bg_image_repeat=&#8221;no-repeat&#8221;][vc_column]\n\t\t\t<!-- START homepage onder REVOLUTION SLIDER 6.6.15 --><p class=\"rs-p-wp-fix\"><\/p>\n\t\t\t<rs-module-wrap id=\"rev_slider_11_3_wrapper\" data-source=\"gallery\" style=\"visibility:hidden;background:transparent;padding:0;margin:0px auto;margin-top:0;margin-bottom:0;\">\n\t\t\t\t<rs-module id=\"rev_slider_11_3\" style=\"\" data-version=\"6.6.15\">\n\t\t\t\t\t<rs-slides style=\"overflow: hidden; position: absolute;\">\n\t\t\t\t\t\t<rs-slide style=\"position: absolute;\" data-key=\"rs-22\" data-title=\"Slide\" data-anim=\"ms:1000;r:0;\" data-in=\"o:0;\" data-out=\"a:false;\">\n\t\t\t\t\t\t\t<img decoding=\"async\" src=\"\/\/www.balt-yachts.nl\/wp-content\/plugins\/revslider\/public\/assets\/assets\/dummy.png\" alt=\"Slide\" title=\"Homepage\" class=\"rev-slidebg tp-rs-img rs-lazyload\" data-lazyload=\"\/\/www.balt-yachts.nl\/wp-content\/plugins\/revslider\/public\/assets\/assets\/transparent.png\" data-no-retina>\n<!--\n\t\t\t\t\t\t\t--><rs-layer\n\t\t\t\t\t\t\t\tid=\"slider-11-slide-22-layer-0\" \n\t\t\t\t\t\t\t\tdata-type=\"image\"\n\t\t\t\t\t\t\t\tdata-rsp_ch=\"on\"\n\t\t\t\t\t\t\t\tdata-xy=\"x:c;y:b;\"\n\t\t\t\t\t\t\t\tdata-text=\"w:normal;\"\n\t\t\t\t\t\t\t\tdata-dim=\"w:100%;h:100%;\"\n\t\t\t\t\t\t\t\tdata-frame_999=\"o:0;st:w;\"\n\t\t\t\t\t\t\t\tstyle=\"z-index:5;\"\n\t\t\t\t\t\t\t><img decoding=\"async\" src=\"\/\/www.balt-yachts.nl\/wp-content\/plugins\/revslider\/public\/assets\/assets\/dummy.png\" alt=\"\" class=\"tp-rs-img rs-lazyload\" width=\"2560\" height=\"1707\" data-lazyload=\"\/\/www.balt-yachts.nl\/wp-content\/uploads\/2020\/11\/IMG_0199-scaled.jpg\" data-c=\"cover-proportional\" data-no-retina> \n\t\t\t\t\t\t\t<\/rs-layer><!--\n-->\t\t\t\t\t\t<\/rs-slide>\n\t\t\t\t\t<\/rs-slides>\n\t\t\t\t<\/rs-module>\n\t\t\t\t<script>\n\t\t\t\t\tsetREVStartSize({c: 'rev_slider_11_3',rl:[1240,1024,778,480],el:[1080],gw:[1920],gh:[1080],type:'standard',justify:'',layout:'fullwidth',mh:\"0\"});if (window.RS_MODULES!==undefined && window.RS_MODULES.modules!==undefined && window.RS_MODULES.modules[\"revslider113\"]!==undefined) {window.RS_MODULES.modules[\"revslider113\"].once = false;window.revapi11 = undefined;if (window.RS_MODULES.checkMinimal!==undefined) window.RS_MODULES.checkMinimal()}\n\t\t\t\t<\/script>\n\t\t\t<\/rs-module-wrap>\n\t\t\t<!-- END REVOLUTION SLIDER -->\n[\/vc_column][\/vc_row][vc_row css=&#8221;.vc_custom_1634290616664{padding-top: 30px !important;padding-bottom: 30px !important;}&#8221;][vc_column][vc_row_inner][vc_column_inner][vc_single_image image=&#8221;1796&#8243; img_size=&#8221;609&#215;106&#8243; alignment=&#8221;center&#8221; css=&#8221;.vc_custom_1634291369549{margin-top: 15px !important;margin-bottom: 15px !important;}&#8221;][\/vc_column_inner][\/vc_row_inner][\/vc_column][\/vc_row][vc_row full_width=&#8221;stretch_row_content_no_spaces&#8221;][vc_column][vc_gmaps link=&#8221;#E-8_JTNDaWZyYW1lJTIwc3JjJTNEJTIyaHR0cHMlM0ElMkYlMkZ3d3cuZ29vZ2xlLmNvbSUyRm1hcHMlMkZlbWJlZCUzRnBiJTNEJTIxMW0xOCUyMTFtMTIlMjExbTMlMjExZDI0MDMuMTYwNDUzNDg4NDMyNyUyMTJkNS43MTQ2NDI3MTU5OTE2MTElMjEzZDUyLjk2MzUyNzkxMTAxNjY3NiUyMTJtMyUyMTFmMCUyMTJmMCUyMTNmMCUyMTNtMiUyMTFpMTAyNCUyMTJpNzY4JTIxNGYxMy4xJTIxM20zJTIxMW0yJTIxMXMweDQ3YzhmMzkwYjRhZWNjNDklMjUzQTB4ZDQwNTVhYmFiNjVlNWM2MSUyMTJzU2FpbGluZ2NlbnRlciUyNTIwTGFuZ3dlZXIlMjE1ZTAlMjEzbTIlMjExc25sJTIxMnNubCUyMTR2MTYzMzg5MjczOTQwNiUyMTVtMiUyMTFzbmwlMjEyc25sJTIyJTIwaGVpZ2h0JTNEJTIyNDUwJTIyJTIwc3R5bGUlM0QlMjJib3JkZXIlM0EwJTNCJTIyJTIwYWxsb3dmdWxsc2NyZWVuJTNEJTIyJTIyJTIwbG9hZGluZyUzRCUyMmxhenklMjIlM0UlM0MlMkZpZnJhbWUlM0U=&#8221;][\/vc_column][\/vc_row]<\/p>\n<\/div>","protected":false},"excerpt":{"rendered":"<p>[vc_row][vc_column][\/vc_column][vc_column][\/vc_column][\/vc_row][vc_row][vc_column][vc_empty_space alter_height=&#8221;large&#8221; hide_on_mobile=&#8221;&#8221;][\/vc_column][\/vc_row][vc_row][vc_column width=&#8221;1\/3&#8243;][vc_single_image image=&#8221;1347&#8243; img_size=&#8221;600&#215;400&#8243; onclick=&#8221;custom_link&#8221; link=&#8221;https:\/\/www.balt-yachts.nl\/de\/balt27\/&#8221;][vc_custom_heading text=&#8221;Segelboote&#8221; font_container=&#8221;tag:h2|text_align:center&#8221; use_theme_fonts=&#8221;yes&#8221; link=&#8221;url:%20https%3A%2F%2Fwww.balt-yachts.nl%2Fde%2Fbalt27%2F&#8221;][\/vc_column][vc_column width=&#8221;1\/3&#8243;][vc_single_image image=&#8221;1370&#8243; img_size=&#8221;600&#215;400&#8243; onclick=&#8221;custom_link&#8221; link=&#8221;https:\/\/www.balt-yachts.nl\/de\/titanium-modellen\/&#8221;][vc_custom_heading text=&#8221;Titanium&#8221; font_container=&#8221;tag:h2|text_align:center&#8221; use_theme_fonts=&#8221;yes&#8221; link=&#8221;url:https%3A%2F%2Fwww.balt-yachts.nl%2Fde%2Ftitanium-modellen%2F&#8221;][\/vc_column][vc_column width=&#8221;1\/3&#8243;][vc_single_image image=&#8221;1371&#8243; img_size=&#8221;600&#215;400&#8243; onclick=&#8221;custom_link&#8221; link=&#8221;https:\/\/www.balt-yachts.nl\/de\/suncamper-35\/&#8221;][vc_custom_heading text=&#8221;SunCamper&#8221; font_container=&#8221;tag:h2|text_align:center&#8221; use_theme_fonts=&#8221;yes&#8221; link=&#8221;url:https%3A%2F%2Fwww.balt-yachts.nl%2Fde%2Fsuncamper-35%2F&#8221;][\/vc_column][\/vc_row][vc_row][vc_column][vc_empty_space alter_height=&#8221;large&#8221; hide_on_mobile=&#8221;&#8221;][\/vc_column][\/vc_row][vc_row full_width=&#8221;stretch_row_content&#8221; full_height=&#8221;yes&#8221; bg_type=&#8221;image&#8221; parallax_style=&#8221;vcpb-default&#8221; bg_image_new=&#8221;id^1769|url^https:\/\/www.balt-yachts.nl\/wp-content\/uploads\/2021\/10\/foto-website-homepage2.jpg|caption^null|alt^null|title^foto-website-homepage2|description^null&#8221; bg_image_repeat=&#8221;no-repeat&#8221;][vc_column][\/vc_column][\/vc_row][vc_row][vc_column][vc_empty_space alter_height=&#8221;large&#8221; hide_on_mobile=&#8221;&#8221;][\/vc_column][\/vc_row][vc_row][vc_column][\/vc_column][\/vc_row][vc_row][vc_column][vc_empty_space alter_height=&#8221;large&#8221; hide_on_mobile=&#8221;&#8221;][\/vc_column][\/vc_row][vc_row full_width=&#8221;stretch_row_content&#8221; full_height=&#8221;yes&#8221; bg_type=&#8221;image&#8221; parallax_style=&#8221;vcpb-default&#8221; bg_image_new=&#8221;id^1471|url^https:\/\/www.balt-yachts.nl\/wp-content\/uploads\/2020\/11\/IMG_0199-scaled.jpg|caption^null|alt^null|title^IMG_0199|description^null&#8221; bg_image_repeat=&#8221;no-repeat&#8221;][vc_column][\/vc_column][\/vc_row][vc_row css=&#8221;.vc_custom_1634290616664{padding-top: 30px !important;padding-bottom: 30px !important;}&#8221;][vc_column][vc_row_inner][vc_column_inner][vc_single_image image=&#8221;1796&#8243; img_size=&#8221;609&#215;106&#8243; alignment=&#8221;center&#8221; css=&#8221;.vc_custom_1634291369549{margin-top: 15px !important;margin-bottom: 15px&hellip;<\/p>\n","protected":false},"author":1,"featured_media":0,"parent":0,"menu_order":0,"comment_status":"closed","ping_status":"closed","template":"","meta":{"footnotes":""},"_links":{"self":[{"href":"https:\/\/www.balt-yachts.nl\/de\/wp-json\/wp\/v2\/pages\/1879"}],"collection":[{"href":"https:\/\/www.balt-yachts.nl\/de\/wp-json\/wp\/v2\/pages"}],"about":[{"href":"https:\/\/www.balt-yachts.nl\/de\/wp-json\/wp\/v2\/types\/page"}],"author":[{"embeddable":true,"href":"https:\/\/www.balt-yachts.nl\/de\/wp-json\/wp\/v2\/users\/1"}],"replies":[{"embeddable":true,"href":"https:\/\/www.balt-yachts.nl\/de\/wp-json\/wp\/v2\/comments?post=1879"}],"version-history":[{"count":11,"href":"https:\/\/www.balt-yachts.nl\/de\/wp-json\/wp\/v2\/pages\/1879\/revisions"}],"predecessor-version":[{"id":2012,"href":"https:\/\/www.balt-yachts.nl\/de\/wp-json\/wp\/v2\/pages\/1879\/revisions\/2012"}],"wp:attachment":[{"href":"https:\/\/www.balt-yachts.nl\/de\/wp-json\/wp\/v2\/media?parent=1879"}],"curies":[{"name":"wp","href":"https:\/\/api.w.org\/{rel}","templated":true}]}}