{"id":1877,"date":"2021-10-10T19:56:22","date_gmt":"2021-10-10T19:56:22","guid":{"rendered":"https:\/\/www.balt-yachts.nl\/buy-charter\/"},"modified":"2022-03-17T09:57:56","modified_gmt":"2022-03-17T09:57:56","slug":"buy-charter","status":"publish","type":"page","link":"https:\/\/www.balt-yachts.nl\/de\/buy-charter\/","title":{"rendered":"Buy &amp; Charter"},"content":{"rendered":"<div class=\"wpb-content-wrapper\"><p>[vc_row][vc_column width=&#8221;1\/3&#8243;][vc_single_image image=&#8221;1742&#8243; img_size=&#8221;large&#8221;][\/vc_column][vc_column width=&#8221;2\/3&#8243;]<div id=\"sc_content_699498194\"\n\t\tclass=\"sc_content sc_content_default\"><div class=\"sc_content_container\">[vc_column_text]<\/p>\n<h5>Buy &amp; Charter<\/h5>\n<p>Sie w\u00fcrden gerne eine eigene Yacht besitzen, aber Ihre sonstigen Freizeitbesch\u00e4ftigungen erlauben es Ihnen nicht, Ihr Boot jedes Wochenende, jeden Urlaub und jede andere freie Minute zu segeln. Und wenn Sie Zeit zum Segeln haben, haben Sie keine Lust auf Wartung, Winterlager oder Reinigung. Dann ist Kaufen &amp; Chartern vielleicht etwas f\u00fcr Sie!<br \/>\nDa Ihre Yacht in der Zeit vermietet wird, in der Sie nicht selbst damit segeln, kostet Ihre Yacht nicht Tausende von Euro pro Jahr, sondern Sie segeln kostenlos. Dar\u00fcber hinaus haben Sie den Vorteil, dass Ihre Yacht professionell gewartet wird: Sie ist immer sauber und in einem guten Wartungszustand. Sie k\u00f6nnen sorglos an Bord gehen und davonsegeln.<\/p>\n<p><strong>Unsere Formel<\/strong><br \/>\nAls Privatperson ist es m\u00f6glich, eine dieser Balt-Yachten im Sailingcenter Langweer zu kaufen. Da Sie eine Yacht kaufen, die Teil einer gewerblich betriebenen Charterflotte ist, k\u00f6nnen Sie die 21 % Mehrwertsteuer des Kaufpreises zur\u00fcckfordern. Das bedeutet, dass Sie mindestens 21 % weniger investieren m\u00fcssen, als wenn Sie als Privatperson direkt eine Yacht kaufen.<br \/>\nDas Sailingcenter Langweer vermietet die Yacht dann zun\u00e4chst f\u00fcr drei Jahre In diesen drei Jahren k\u00f6nnen Sie Ihre Yacht 2 oder 3 Wochen im Jahr nutzen. Die restlichen Wochen vermietet Sailingcenter Langweer die Segelyacht an Dritte.[\/vc_column_text]<\/div><\/div><!-- \/.sc_content -->[\/vc_column][\/vc_row][vc_row][vc_column][vc_empty_space alter_height=&#8221;small&#8221; hide_on_mobile=&#8221;&#8221;][\/vc_column][\/vc_row][vc_row][vc_column width=&#8221;1\/2&#8243;]<div id=\"sc_content_818469117\"\n\t\tclass=\"sc_content sc_content_default\"><div class=\"sc_content_container\">[vc_column_text]<\/p>\n<h5>Was ist f\u00fcr dich drin?<\/h5>\n<ul>\n<li>R\u00fcckgabe Ihres Einkaufs*<\/li>\n<li>Mehrwertsteuervorteil von 21 %**<\/li>\n<li>Geringe(r)e Fixkosten<\/li>\n<li>Keine Sorgen \u00fcber (geringf\u00fcgige) Wartung<\/li>\n<li>Sie w\u00e4hlen den\/die gew\u00fcnschte(n) Zeitraum(e) vorab zur eigenen Nutzung aus<\/li>\n<li>Ihr Schiff ist stets gepflegt, sofort abfahrbereit und in letzter Minute f\u00fcr Sie verf\u00fcgbar<\/li>\n<li>Liegeplatz in Langweer w\u00e4hrend der Segelsaison<\/li>\n<\/ul>\n<p>* keine Garantien<br \/>\n** Lassen Sie sich immer von einem Wirtschaftspr\u00fcfer oder Steuerberater beraten[\/vc_column_text]<\/div><\/div><!-- \/.sc_content -->[\/vc_column][vc_column width=&#8221;1\/2&#8243;][vc_column_text]<\/p>\n<h5>Was wir f\u00fcr Sie tun?<\/h5>\n<ul>\n<li>Bewerben Sie das Schiff \u00fcber verschiedene Kan\u00e4le<\/li>\n<li>Vollst\u00e4ndige Betreuung der Miet- und Zahlungsverwaltung<\/li>\n<li>Rezeption, Check-in \/ -out, Anweisungen bei jeder Anmietung<\/li>\n<li>Vollst\u00e4ndige Betreuung der Schadenabwicklung<\/li>\n<li>Durchf\u00fchrung notwendiger (Klein-)Reparaturen<\/li>\n<li>Durchf\u00fchrung der Gesamtwartung (falls erforderlich)<\/li>\n<\/ul>\n<p>[\/vc_column_text][\/vc_column][\/vc_row][vc_row][vc_column][vc_empty_space alter_height=&#8221;small&#8221; hide_on_mobile=&#8221;&#8221;][\/vc_column][\/vc_row][vc_row][vc_column]<div id=\"sc_content_1954808019\"\n\t\tclass=\"sc_content sc_content_default sc_float_center\"><div class=\"sc_content_container\">[vc_column_text]Mehr wissen? Vereinbaren Sie gerne einen unverbindlichen Termin, um die M\u00f6glichkeiten zu besprechen[\/vc_column_text]<\/div><\/div><!-- \/.sc_content -->[\/vc_column][\/vc_row]<\/p>\n<\/div>","protected":false},"excerpt":{"rendered":"<p>[vc_row][vc_column width=&#8221;1\/3&#8243;][vc_single_image image=&#8221;1742&#8243; img_size=&#8221;large&#8221;][\/vc_column][vc_column width=&#8221;2\/3&#8243;][\/vc_column][\/vc_row][vc_row][vc_column][vc_empty_space alter_height=&#8221;small&#8221; hide_on_mobile=&#8221;&#8221;][\/vc_column][\/vc_row][vc_row][vc_column width=&#8221;1\/2&#8243;][\/vc_column][vc_column width=&#8221;1\/2&#8243;][vc_column_text] Was wir f\u00fcr Sie tun? Bewerben Sie das Schiff \u00fcber verschiedene Kan\u00e4le Vollst\u00e4ndige Betreuung der Miet- und Zahlungsverwaltung Rezeption, Check-in \/ -out, Anweisungen bei jeder Anmietung Vollst\u00e4ndige Betreuung der Schadenabwicklung Durchf\u00fchrung notwendiger (Klein-)Reparaturen Durchf\u00fchrung der Gesamtwartung (falls erforderlich) [\/vc_column_text][\/vc_column][\/vc_row][vc_row][vc_column][vc_empty_space alter_height=&#8221;small&#8221; hide_on_mobile=&#8221;&#8221;][\/vc_column][\/vc_row][vc_row][vc_column][\/vc_column][\/vc_row]<\/p>\n","protected":false},"author":990002,"featured_media":0,"parent":0,"menu_order":0,"comment_status":"closed","ping_status":"closed","template":"","meta":{"footnotes":""},"_links":{"self":[{"href":"https:\/\/www.balt-yachts.nl\/de\/wp-json\/wp\/v2\/pages\/1877"}],"collection":[{"href":"https:\/\/www.balt-yachts.nl\/de\/wp-json\/wp\/v2\/pages"}],"about":[{"href":"https:\/\/www.balt-yachts.nl\/de\/wp-json\/wp\/v2\/types\/page"}],"author":[{"embeddable":true,"href":"https:\/\/www.balt-yachts.nl\/de\/wp-json\/wp\/v2\/users\/990002"}],"replies":[{"embeddable":true,"href":"https:\/\/www.balt-yachts.nl\/de\/wp-json\/wp\/v2\/comments?post=1877"}],"version-history":[{"count":3,"href":"https:\/\/www.balt-yachts.nl\/de\/wp-json\/wp\/v2\/pages\/1877\/revisions"}],"predecessor-version":[{"id":1948,"href":"https:\/\/www.balt-yachts.nl\/de\/wp-json\/wp\/v2\/pages\/1877\/revisions\/1948"}],"wp:attachment":[{"href":"https:\/\/www.balt-yachts.nl\/de\/wp-json\/wp\/v2\/media?parent=1877"}],"curies":[{"name":"wp","href":"https:\/\/api.w.org\/{rel}","templated":true}]}}