{"id":1875,"date":"2020-11-12T11:11:50","date_gmt":"2020-11-12T11:11:50","guid":{"rendered":"https:\/\/www.balt-yachts.nl\/balt27\/"},"modified":"2022-08-21T11:55:35","modified_gmt":"2022-08-21T11:55:35","slug":"balt27","status":"publish","type":"page","link":"https:\/\/www.balt-yachts.nl\/de\/balt27\/","title":{"rendered":"Balt Yacht 27"},"content":{"rendered":"<div class=\"wpb-content-wrapper\"><p>[vc_row][vc_column width=&#8221;1\/2&#8243;][vc_single_image image=&#8221;2013&#8243; img_size=&#8221;large&#8221;][\/vc_column][vc_column width=&#8221;1\/2&#8243;][vc_column_text]<\/p>\n<h5>Balt Yacht 27<\/h5>\n<p>[\/vc_column_text][vc_column_text]Die Balt Yacht 27 ist einzigartig in ihrer Klasse; eine Segelyacht mit viel Platz und Komfort. Die Raumaufteilung im Inneren der Segelyacht gibt Ihnen das Gef\u00fchl einer 12-Meter-Segelyacht. Die Segeleigenschaften sind ausgezeichnet, sowohl f\u00fcr den Anf\u00e4nger als auch f\u00fcr den erfahrenen Segler. Ihr Segelrevier ist grenzenlos und die M\u00f6glichkeiten f\u00fcr Destinationen sind grenzenlos.<br \/>\nUm die Segelyacht zu vervollst\u00e4ndigen, entschied man sich, die Balt Yacht 27 mit einem Innenbord-Dieselmotor auszustatten.<\/p>\n<p>Die Balt Yacht 27 ist f\u00fcr sechs Personen geeignet und hat einen offenen Grundriss. Bevorzugen Sie zwei Kabinen? Auch das ist eine der Optionen auf dieser vielseitigen Yacht. Der separate Toilettenraum ist ger\u00e4umig und bietet Ihnen die M\u00f6glichkeit, an Bord eine herrlich hei\u00dfe Dusche zu nehmen.<br \/>\nDie hohe Qualit\u00e4t der Materialien machen diese sch\u00f6ne Segelyacht zu einem Erlebnis f\u00fcr sich.<\/p>\n<p>Preis segelfertig ab \u20ac 65.500,-[\/vc_column_text][\/vc_column][\/vc_row][vc_row][vc_column][vc_separator][\/vc_column][\/vc_row][vc_row][vc_column][vc_wp_text]<\/p>\n<div class=\"n2_ss_slider_publish__option_code\" dir=\"ltr\" data-mode=\"id\"><\/div>\n<p>[\/vc_wp_text][\/vc_column][\/vc_row][vc_row][vc_column][vc_separator][\/vc_column][\/vc_row][vc_row][vc_column][vc_custom_heading text=&#8221;Spezifikationen Balt Yacht 27&#8243; font_container=&#8221;tag:h2|text_align:center&#8221;][\/vc_column][\/vc_row][vc_row][vc_column width=&#8221;1\/2&#8243;]<div id=\"sc_table_1057736795_wrap\" class=\"sc_table_wrap\"><div id=\"sc_table_1057736795\"\n\t\t\tclass=\"sc_table sc_table_default\" style=\"width:100%;\"><table cellspacing=\u201d0\u2033 summary=\u201dSpecs Balt 27\u2033>\n<tr>\n<td>Gesamtl\u00e4nge<\/td>\n<td>9.16m<\/td>\n<\/tr>\n<tr>\n<td>Rumpfl\u00e4nge<\/td>\n<td>8.15m<\/td>\n<\/tr>\n<tr>\n<td>Rumpfbreite<\/td>\n<td>2.53m<\/td>\n<\/tr>\n<tr>\n<td><em>Tiefgang<\/em><\/td>\n<td><\/td>\n<\/tr>\n<tr>\n<td>fester Kiel<\/td>\n<td>1.28m<\/td>\n<\/tr>\n<tr>\n<td>Variable<\/td>\n<td>0.38-1.46m<\/td>\n<\/tr>\n<tr>\n<td>Gesamtgewicht inboard<\/td>\n<td>2700 kg<\/td>\n<\/tr>\n<tr>\n<td>Kopffreiheit<\/td>\n<td>1.86m<\/td>\n<\/tr>\n<tr>\n<td>Masth\u00f6he<\/td>\n<td>9m<\/td>\n<\/tr>\n<tr>\n<td>Doorvaarthoogte<\/td>\n<td>11.2m<\/td>\n<\/tr>\n<\/table><\/div><\/div><!-- \/.sc_table_wrap -->[\/vc_column][vc_column width=&#8221;1\/2&#8243;]<div id=\"sc_table_1591991895_wrap\" class=\"sc_table_wrap\"><div id=\"sc_table_1591991895\"\n\t\t\tclass=\"sc_table sc_table_default\" style=\"width:100%;\"><table cellspacing=\u201d0\u2033 summary=\u201dSpecs Balt 27\u2033>\n<\/tr>\n<tr>\n<td>Gro\u00dfsegel<\/td>\n<td>17.2m2<\/td>\n<\/tr>\n<tr>\n<td>Fok<\/td>\n<td>10.3m2<\/td>\n<\/tr>\n<tr>\n<td>Genua<\/td>\n<td>12.8m2<\/td>\n<\/tr>\n<tr>\n<td>Spinnaker<\/td>\n<td>40m2<\/td>\n<\/tr>\n<tr>\n<td>Schlafpl\u00e4tze<\/td>\n<td>6<\/td>\n<\/tr>\n<tr>\n<td>Motor<\/td>\n<td>inboard 9-14 PK<\/td>\n<\/tr>\n<tr>\n<td>CE Kategorie<\/td>\n<td>fester Kiel: B Variabeler Tiefgang:C<\/td>\n<\/tr>\n<tr>\n<td>Dieseltank<\/td>\n<td>30L<\/td>\n<\/tr>\n<tr>\n<td>Wassertank<\/td>\n<td>70L<\/td>\n<\/tr>\n<tr>\n<td>Schmurzwassertank<\/td>\n<td>42L<\/td>\n<\/tr>\n<\/table><\/div><\/div><!-- \/.sc_table_wrap -->[\/vc_column][\/vc_row][vc_row][vc_column][vc_custom_heading text=&#8221;Lay-out&#8221; font_container=&#8221;tag:h2|text_align:center&#8221;][\/vc_column][\/vc_row][vc_row][vc_column][vc_single_image image=&#8221;1374&#8243; img_size=&#8221;full&#8221;][\/vc_column][\/vc_row][vc_row][vc_column][vc_btn title=&#8221;Brosch\u00fcre anfordern&#8221; color=&#8221;peacoc&#8221; align=&#8221;center&#8221;][\/vc_column][\/vc_row]<\/p>\n<\/div>","protected":false},"excerpt":{"rendered":"<p>[vc_row][vc_column width=&#8221;1\/2&#8243;][vc_single_image image=&#8221;2013&#8243; img_size=&#8221;large&#8221;][\/vc_column][vc_column width=&#8221;1\/2&#8243;][vc_column_text] Balt Yacht 27 [\/vc_column_text][vc_column_text]Die Balt Yacht 27 ist einzigartig in ihrer Klasse; eine Segelyacht mit viel Platz und Komfort. Die Raumaufteilung im Inneren der Segelyacht gibt Ihnen das Gef\u00fchl einer 12-Meter-Segelyacht. Die Segeleigenschaften sind ausgezeichnet, sowohl f\u00fcr den Anf\u00e4nger als auch f\u00fcr den erfahrenen Segler. Ihr Segelrevier ist grenzenlos und die M\u00f6glichkeiten f\u00fcr Destinationen sind&hellip;<\/p>\n","protected":false},"author":1,"featured_media":0,"parent":0,"menu_order":0,"comment_status":"closed","ping_status":"closed","template":"","meta":{"footnotes":""},"_links":{"self":[{"href":"https:\/\/www.balt-yachts.nl\/de\/wp-json\/wp\/v2\/pages\/1875"}],"collection":[{"href":"https:\/\/www.balt-yachts.nl\/de\/wp-json\/wp\/v2\/pages"}],"about":[{"href":"https:\/\/www.balt-yachts.nl\/de\/wp-json\/wp\/v2\/types\/page"}],"author":[{"embeddable":true,"href":"https:\/\/www.balt-yachts.nl\/de\/wp-json\/wp\/v2\/users\/1"}],"replies":[{"embeddable":true,"href":"https:\/\/www.balt-yachts.nl\/de\/wp-json\/wp\/v2\/comments?post=1875"}],"version-history":[{"count":10,"href":"https:\/\/www.balt-yachts.nl\/de\/wp-json\/wp\/v2\/pages\/1875\/revisions"}],"predecessor-version":[{"id":2026,"href":"https:\/\/www.balt-yachts.nl\/de\/wp-json\/wp\/v2\/pages\/1875\/revisions\/2026"}],"wp:attachment":[{"href":"https:\/\/www.balt-yachts.nl\/de\/wp-json\/wp\/v2\/media?parent=1875"}],"curies":[{"name":"wp","href":"https:\/\/api.w.org\/{rel}","templated":true}]}}