{"id":1872,"date":"2020-11-10T10:46:37","date_gmt":"2020-11-10T10:46:37","guid":{"rendered":"https:\/\/www.balt-yachts.nl\/titanium-818\/"},"modified":"2025-09-03T11:16:01","modified_gmt":"2025-09-03T11:16:01","slug":"titanium-818","status":"publish","type":"page","link":"https:\/\/www.balt-yachts.nl\/de\/titanium-818\/","title":{"rendered":"Titanium 818"},"content":{"rendered":"<div class=\"wpb-content-wrapper\"><p>[vc_row][vc_column width=&#8221;1\/2&#8243;][vc_single_image image=&#8221;1571&#8243; img_size=&#8221;large&#8221;][\/vc_column][vc_column width=&#8221;1\/2&#8243;][vc_column_text]<\/p>\n<h5>titanium 818<\/h5>\n<p>[\/vc_column_text][vc_column_text]<\/p>\n<p id=\"tw-target-text\" class=\"tw-data-text tw-text-large tw-ta\" dir=\"ltr\" data-placeholder=\"Vertaling\" data-ved=\"2ahUKEwithd7N5-aDAxXX0gIHHZMTAe4Q3ewLegQIBRAP\"><span class=\"Y2IQFc\" lang=\"de\">Modern und zeitlos: die Balt Titanium 818. Diese Motoryacht ist ein echtes Must-Have f\u00fcr alle, die es sportlich und elegant m\u00f6gen. Drau\u00dfen k\u00f6nnen Sie auf dem Sonnendeck oder im ger\u00e4umigen Cockpit entspannen, drinnen k\u00f6nnen Sie im gem\u00fctlichen Salon mit Panoramafenstern entspannen. Das Titanium eignet sich f\u00fcr ruhige Bootsausfl\u00fcge mit der Familie, aber auch zum Wakeboarden mit Freunden. Der geringe Tiefgang sorgt f\u00fcr eine gro\u00dfe Segelfl\u00e4che und das sch\u00f6n gestaltete Dach \u00fcber dem Cockpit sorgt auch bei schlechtem Wetter f\u00fcr viel Segelvergn\u00fcgen. Der Balt Titanium 818 ist mit einem Au\u00dfenbordmotor ausgestattet, der das Man\u00f6vrieren sehr einfach macht. Und m\u00f6chten Sie diesen Motor lieber nicht im Blick haben? Dann entscheiden Sie sich f\u00fcr den sch\u00f6nen Abschluss unter einer Haube im Stil des Bootes.<\/span><\/p>\n<p>Preis segelfertig ab \u20ac 71.600,- ohne. MwSt.<\/p>\n<p>F\u00fcr die Serienausstattung klicken\u00a0<a href=\"https:\/\/www.balt-yachts.nl\/de\/standaard-uitrusting-titanium-818\/\" target=\"_blank\" rel=\"noopener\">hier<\/a>[\/vc_column_text][\/vc_column][\/vc_row][vc_row][vc_column][vc_separator][\/vc_column][\/vc_row][vc_row][vc_column][vc_wp_text]<\/p>\n<div class=\"n2_ss_slider_publish__option_code\" dir=\"ltr\" data-mode=\"id\"><\/div>\n<p>[\/vc_wp_text][\/vc_column][\/vc_row][vc_row][vc_column][vc_separator][\/vc_column][\/vc_row][vc_row][vc_column][vc_custom_heading text=&#8221;Spezifikationen Titanium 818&#8243; font_container=&#8221;tag:h2|text_align:center&#8221;][\/vc_column][\/vc_row][vc_row][vc_column width=&#8221;1\/2&#8243;]<div id=\"sc_table_545664767_wrap\" class=\"sc_table_wrap\"><div id=\"sc_table_545664767\"\n\t\t\tclass=\"sc_table sc_table_default\" style=\"width:100%;\"><table cellspacing=\u201d0\u2033 summary=\u201dSpecs Titanium 818\u2033>\n<tr>\n<td>Gesamtl\u00e4nge<\/td>\n<td>8.48m<\/td>\n<\/tr>\n<tr>\n<td>Rumpfl\u00e4nge<\/td>\n<td>7.30m<\/td>\n<\/tr>\n<tr>\n<td>Rumpfbreite<\/td>\n<td>2.70m<\/td>\n<\/tr>\n<tr>\n<td>Tiefgang<\/td>\n<td>0.40m<\/td>\n<\/tr>\n<tr>\n<td>Vertikaler Abstand<\/td>\n<td>2.73m<\/td>\n<\/tr>\n<tr>\n<td>Gewicht ohne Motor<\/td>\n<td>1900kg<\/td>\n<\/tr>\n<tr>\n<td>Wassertank<\/td>\n<td>80 \u2013 170L<\/td>\n<\/tr>\n<tr>\n<td>Schmurzwassertank<\/td>\n<td>50L<\/td>\n<\/tr>\n<\/table><\/div><\/div><!-- \/.sc_table_wrap -->[\/vc_column][vc_column width=&#8221;1\/2&#8243;]<div id=\"sc_table_1937395186_wrap\" class=\"sc_table_wrap\"><div id=\"sc_table_1937395186\"\n\t\t\tclass=\"sc_table sc_table_default\" style=\"width:100%;\"><table cellspacing=\u201d0\u2033 summary=\u201dSpecs Titanium 818\u2033>\n<\/tr>\n<tr>\n<td>Steheh\u00f6he Kabinee<\/td>\n<td>1.97m<\/td>\n<\/tr>\n<tr>\n<td>Anzahl der Betten<\/td>\n<td>6<\/td>\n<\/tr>\n<tr>\n<td>Min. vermogen outboard<\/td>\n<td>20PK<\/td>\n<\/tr>\n<tr>\n<td>Max. vermogen outboard<\/td>\n<td>115PK<\/td>\n<\/tr>\n<tr>\n<td>Treibstofftank<\/td>\n<td>50 \u2013 100L<\/td>\n<\/tr>\n<tr>\n<td>Transporth\u00f6he<\/td>\n<td>3.10m<\/td>\n<\/tr>\n<tr>\n<td>Maximale Last<\/td>\n<td>825kg<\/td>\n<\/tr>\n<tr>\n<td>CE Kategorie<\/td>\n<td>C-6<\/td>\n<\/tr>\n<\/table><\/div><\/div><!-- \/.sc_table_wrap -->[\/vc_column][\/vc_row][vc_row][vc_column][vc_custom_heading text=&#8221;Lay-out&#8221; font_container=&#8221;tag:h2|text_align:center&#8221;][\/vc_column][\/vc_row][vc_row][vc_column][vc_single_image image=&#8221;1579&#8243; img_size=&#8221;full&#8221; alignment=&#8221;center&#8221;][\/vc_column][\/vc_row][vc_row][vc_column][vc_empty_space height=&#8221;64px&#8221; alter_height=&#8221;small&#8221; hide_on_mobile=&#8221;&#8221;][vc_btn title=&#8221;Brosch\u00fcre anfordern&#8221; color=&#8221;peacoc&#8221; align=&#8221;center&#8221;][\/vc_column][\/vc_row][vc_row][vc_column][\/vc_column][\/vc_row]<\/p>\n<\/div>","protected":false},"excerpt":{"rendered":"<p>[vc_row][vc_column width=&#8221;1\/2&#8243;][vc_single_image image=&#8221;1571&#8243; img_size=&#8221;large&#8221;][\/vc_column][vc_column width=&#8221;1\/2&#8243;][vc_column_text] titanium 818 [\/vc_column_text][vc_column_text] Modern und zeitlos: die Balt Titanium 818. Diese Motoryacht ist ein echtes Must-Have f\u00fcr alle, die es sportlich und elegant m\u00f6gen. Drau\u00dfen k\u00f6nnen Sie auf dem Sonnendeck oder im ger\u00e4umigen Cockpit entspannen, drinnen k\u00f6nnen Sie im gem\u00fctlichen Salon mit Panoramafenstern entspannen. Das Titanium eignet sich f\u00fcr ruhige Bootsausfl\u00fcge mit der Familie, aber&hellip;<\/p>\n","protected":false},"author":1,"featured_media":0,"parent":0,"menu_order":0,"comment_status":"closed","ping_status":"closed","template":"","meta":{"footnotes":""},"_links":{"self":[{"href":"https:\/\/www.balt-yachts.nl\/de\/wp-json\/wp\/v2\/pages\/1872"}],"collection":[{"href":"https:\/\/www.balt-yachts.nl\/de\/wp-json\/wp\/v2\/pages"}],"about":[{"href":"https:\/\/www.balt-yachts.nl\/de\/wp-json\/wp\/v2\/types\/page"}],"author":[{"embeddable":true,"href":"https:\/\/www.balt-yachts.nl\/de\/wp-json\/wp\/v2\/users\/1"}],"replies":[{"embeddable":true,"href":"https:\/\/www.balt-yachts.nl\/de\/wp-json\/wp\/v2\/comments?post=1872"}],"version-history":[{"count":12,"href":"https:\/\/www.balt-yachts.nl\/de\/wp-json\/wp\/v2\/pages\/1872\/revisions"}],"predecessor-version":[{"id":2099,"href":"https:\/\/www.balt-yachts.nl\/de\/wp-json\/wp\/v2\/pages\/1872\/revisions\/2099"}],"wp:attachment":[{"href":"https:\/\/www.balt-yachts.nl\/de\/wp-json\/wp\/v2\/media?parent=1872"}],"curies":[{"name":"wp","href":"https:\/\/api.w.org\/{rel}","templated":true}]}}